{"id":804,"date":"2014-03-08T11:07:29","date_gmt":"2014-03-08T10:07:29","guid":{"rendered":"http:\/\/www.verstaerkeramt.eu\/?page_id=804"},"modified":"2014-03-08T11:24:19","modified_gmt":"2014-03-08T10:24:19","slug":"regale-fuer-unsere-sonderausstellung-110-jahre-braunsche-roehre","status":"publish","type":"page","link":"https:\/\/verstaerkeramt.eu\/projekte\/regale-fuer-unsere-sonderausstellung-110-jahre-braunsche-roehre\/","title":{"rendered":"Regale f\u00fcr unsere Sonderausstellung \u201c110 Jahre Braunsche R\u00f6hre\u201d"},"content":{"rendered":"<p>Arbeitseinsatz am 07.04.2007, sozusagen kurz vor der offiziellen Er\u00f6ffnung unserer Sonderausstellung. Mitwirkende waren Manfred Seidel, Richard K\u00fcgeler und ich, Hans Dieter Lechtermann. Es sollten \u201cnur 2 Regale\u201d mal eben aufgebaut werden. Es handelt sich hierbei um Prototypen. Das hei\u00dft, auf dem Papier sah alles einfach aus, es sollte eigentlich alles passen. Den ersten Termin hatte ich mit Manfred um 16 Uhr verabredet. Es stellte sich aber heraus, das mein Sohn zum Jugendangeln um 14 Uhr nach Wiedenbr\u00fcck musste. Um nicht zweimal nach Wiedenbr\u00fcck zu fahren habe ich mich spontan mit Manfred um 14.15 Uhr am Verst\u00e4rkeramt getroffen. Richard war schon da, er hat ja fast immer Dienst.<\/p>\n<p><a href=\"https:\/\/i0.wp.com\/alt.verstaerkeramt.eu\/wp-content\/uploads\/2014\/03\/Pict0900.jpg\"><img data-recalc-dims=\"1\" loading=\"lazy\" decoding=\"async\" class=\"aligncenter size-full wp-image-819\" alt=\"Pict0900\" src=\"https:\/\/i0.wp.com\/alt.verstaerkeramt.eu\/wp-content\/uploads\/2014\/03\/Pict0900.jpg?resize=474%2C386\" width=\"474\" height=\"386\" srcset=\"https:\/\/i0.wp.com\/verstaerkeramt.eu\/wp-content\/uploads\/2014\/03\/Pict0900.jpg?w=736&amp;ssl=1 736w, https:\/\/i0.wp.com\/verstaerkeramt.eu\/wp-content\/uploads\/2014\/03\/Pict0900.jpg?resize=300%2C244&amp;ssl=1 300w\" sizes=\"auto, (max-width: 474px) 100vw, 474px\" \/><\/a><br \/>\nManfred nimmt schon mal Ma\u00df, es m\u00fcssen die H\u00f6hen f\u00fcr die Regalb\u00f6den festgelegt werden.<br \/>\n<a href=\"https:\/\/i0.wp.com\/alt.verstaerkeramt.eu\/wp-content\/uploads\/2014\/03\/Pict0901.jpg\"><img data-recalc-dims=\"1\" loading=\"lazy\" decoding=\"async\" class=\"aligncenter size-full wp-image-820\" alt=\"Pict0901\" src=\"https:\/\/i0.wp.com\/alt.verstaerkeramt.eu\/wp-content\/uploads\/2014\/03\/Pict0901.jpg?resize=474%2C356\" width=\"474\" height=\"356\" srcset=\"https:\/\/i0.wp.com\/verstaerkeramt.eu\/wp-content\/uploads\/2014\/03\/Pict0901.jpg?w=500&amp;ssl=1 500w, https:\/\/i0.wp.com\/verstaerkeramt.eu\/wp-content\/uploads\/2014\/03\/Pict0901.jpg?resize=300%2C225&amp;ssl=1 300w\" sizes=\"auto, (max-width: 474px) 100vw, 474px\" \/><\/a><\/p>\n<p>&nbsp;<\/p>\n<p>Die ersten Teile sind vor Ort, nun kann der Aufbau beginnen. Links im Bild spielt \u00fcbrigens der Top- restaurierte Philips Fernseher TD 1422 A, Bj. 1953, von Rolf Liemke.<\/p>\n<p><a href=\"https:\/\/i0.wp.com\/alt.verstaerkeramt.eu\/wp-content\/uploads\/2014\/03\/Pict0903.jpg\"><img data-recalc-dims=\"1\" loading=\"lazy\" decoding=\"async\" class=\"aligncenter size-full wp-image-821\" alt=\"Pict0903\" src=\"https:\/\/i0.wp.com\/alt.verstaerkeramt.eu\/wp-content\/uploads\/2014\/03\/Pict0903.jpg?resize=396%2C600\" width=\"396\" height=\"600\" srcset=\"https:\/\/i0.wp.com\/verstaerkeramt.eu\/wp-content\/uploads\/2014\/03\/Pict0903.jpg?w=396&amp;ssl=1 396w, https:\/\/i0.wp.com\/verstaerkeramt.eu\/wp-content\/uploads\/2014\/03\/Pict0903.jpg?resize=198%2C300&amp;ssl=1 198w\" sizes=\"auto, (max-width: 396px) 100vw, 396px\" \/><\/a><\/p>\n<p>Einem Ingenieur wird nichts zu schwer, einem Holztechniker auch nicht.<\/p>\n<p><a href=\"https:\/\/i0.wp.com\/alt.verstaerkeramt.eu\/wp-content\/uploads\/2014\/03\/Pict0905.jpg\"><img data-recalc-dims=\"1\" loading=\"lazy\" decoding=\"async\" class=\"aligncenter size-full wp-image-822\" alt=\"Pict0905\" src=\"https:\/\/i0.wp.com\/alt.verstaerkeramt.eu\/wp-content\/uploads\/2014\/03\/Pict0905.jpg?resize=474%2C356\" width=\"474\" height=\"356\" srcset=\"https:\/\/i0.wp.com\/verstaerkeramt.eu\/wp-content\/uploads\/2014\/03\/Pict0905.jpg?w=500&amp;ssl=1 500w, https:\/\/i0.wp.com\/verstaerkeramt.eu\/wp-content\/uploads\/2014\/03\/Pict0905.jpg?resize=300%2C225&amp;ssl=1 300w\" sizes=\"auto, (max-width: 474px) 100vw, 474px\" \/><\/a><\/p>\n<p>Manfred schraubt die R\u00fcckwand fest. Das gibt die n\u00f6tige Seitenstabilit\u00e4t.<\/p>\n<p><a href=\"https:\/\/i0.wp.com\/alt.verstaerkeramt.eu\/wp-content\/uploads\/2014\/03\/Pict0907.jpg\"><img data-recalc-dims=\"1\" loading=\"lazy\" decoding=\"async\" class=\"aligncenter size-full wp-image-823\" alt=\"Pict0907\" src=\"https:\/\/i0.wp.com\/alt.verstaerkeramt.eu\/wp-content\/uploads\/2014\/03\/Pict0907.jpg?resize=375%2C500\" width=\"375\" height=\"500\" srcset=\"https:\/\/i0.wp.com\/verstaerkeramt.eu\/wp-content\/uploads\/2014\/03\/Pict0907.jpg?w=375&amp;ssl=1 375w, https:\/\/i0.wp.com\/verstaerkeramt.eu\/wp-content\/uploads\/2014\/03\/Pict0907.jpg?resize=225%2C300&amp;ssl=1 225w\" sizes=\"auto, (max-width: 375px) 100vw, 375px\" \/><\/a><\/p>\n<p>Das erste Regal steht. Es steht auch ohne Manfreds Hilfe. Ist er etwa schon m\u00fcde? Wir sind jedenfalls stolz, eine Etappe geschafft zu haben. Besonders sch\u00f6n ist der Kontrast von den Buche-Regalteilen zu den Granit-B\u00f6den, eine erst gewagte aber dann doch gelungene Kombination.<\/p>\n<p><a href=\"https:\/\/i0.wp.com\/alt.verstaerkeramt.eu\/wp-content\/uploads\/2014\/03\/Pict0912.jpg\"><img data-recalc-dims=\"1\" loading=\"lazy\" decoding=\"async\" class=\"aligncenter size-full wp-image-824\" alt=\"Pict0912\" src=\"https:\/\/i0.wp.com\/alt.verstaerkeramt.eu\/wp-content\/uploads\/2014\/03\/Pict0912.jpg?resize=474%2C356\" width=\"474\" height=\"356\" srcset=\"https:\/\/i0.wp.com\/verstaerkeramt.eu\/wp-content\/uploads\/2014\/03\/Pict0912.jpg?w=500&amp;ssl=1 500w, https:\/\/i0.wp.com\/verstaerkeramt.eu\/wp-content\/uploads\/2014\/03\/Pict0912.jpg?resize=300%2C225&amp;ssl=1 300w\" sizes=\"auto, (max-width: 474px) 100vw, 474px\" \/><\/a><\/p>\n<p>Manfred und Richard bei Pr\u00e4zisionsarbeiten. Hier sieht man sch\u00f6n, wie die Regalleitern mit den Gewindestangen verbunden werden.<\/p>\n<p><a href=\"https:\/\/i0.wp.com\/alt.verstaerkeramt.eu\/wp-content\/uploads\/2014\/03\/Pict0916.jpg\"><img data-recalc-dims=\"1\" loading=\"lazy\" decoding=\"async\" class=\"aligncenter size-full wp-image-825\" alt=\"Pict0916\" src=\"https:\/\/i0.wp.com\/alt.verstaerkeramt.eu\/wp-content\/uploads\/2014\/03\/Pict0916.jpg?resize=474%2C356\" width=\"474\" height=\"356\" srcset=\"https:\/\/i0.wp.com\/verstaerkeramt.eu\/wp-content\/uploads\/2014\/03\/Pict0916.jpg?w=500&amp;ssl=1 500w, https:\/\/i0.wp.com\/verstaerkeramt.eu\/wp-content\/uploads\/2014\/03\/Pict0916.jpg?resize=300%2C225&amp;ssl=1 300w\" sizes=\"auto, (max-width: 474px) 100vw, 474px\" \/><\/a><\/p>\n<p>Hier sieht man das Anpassen der ben\u00f6tigten Gewindestangen mittels einer Eisens\u00e4ge. Eigentlich war diese Arbeit nicht eingeplant. Die Regale waren f\u00fcr Gewindestangen mit einer L\u00e4nge von 1m konstruiert. Was war passiert? Die Annahme, dass Gewindeh\u00fclsen fast ganz auf die Stangen gedreht werden k\u00f6nnen best\u00e4tigte sich leider nicht. Ein Musterkauf vorab h\u00e4tte uns diese Arbeit ersparen k\u00f6nnen. Na ja, was soll\u2019s.<\/p>\n<p><a href=\"https:\/\/i0.wp.com\/alt.verstaerkeramt.eu\/wp-content\/uploads\/2014\/03\/Pict0925.jpg\"><img data-recalc-dims=\"1\" loading=\"lazy\" decoding=\"async\" class=\"aligncenter size-full wp-image-826\" alt=\"Pict0925\" src=\"https:\/\/i0.wp.com\/alt.verstaerkeramt.eu\/wp-content\/uploads\/2014\/03\/Pict0925.jpg?resize=383%2C500\" width=\"383\" height=\"500\" srcset=\"https:\/\/i0.wp.com\/verstaerkeramt.eu\/wp-content\/uploads\/2014\/03\/Pict0925.jpg?w=383&amp;ssl=1 383w, https:\/\/i0.wp.com\/verstaerkeramt.eu\/wp-content\/uploads\/2014\/03\/Pict0925.jpg?resize=229%2C300&amp;ssl=1 229w\" sizes=\"auto, (max-width: 383px) 100vw, 383px\" \/><\/a><\/p>\n<p>So sieht nun ein Teil unserer Sonderausstellung aus. Vorher war diese Ecke nicht sehr ansprechend. Mit den Regalen ist uns eine gro\u00dfe Aufwertung und Strukturierung gelungen.<\/p>\n<p>Jetzt habe ich fast unseren Zeitplan vergessen. Wir hatten angenommen, dass 2 Stunden reichen w\u00fcrden. Insgesamt hat die Aktion aber bis 18.15 Uhr gedauert. Gut, dass mein Sohn zum Angeln gebracht werden musste und wir somit mehr Zeit f\u00fcr den Aufbau hatten.<\/p>\n","protected":false},"excerpt":{"rendered":"<p>Arbeitseinsatz am 07.04.2007, sozusagen kurz vor der offiziellen Er\u00f6ffnung unserer Sonderausstellung. Mitwirkende waren Manfred Seidel, Richard K\u00fcgeler und ich, Hans Dieter Lechtermann. Es sollten \u201cnur 2 Regale\u201d mal eben aufgebaut werden. Es handelt sich hierbei um Prototypen. Das hei\u00dft, auf dem Papier sah alles einfach aus, es sollte eigentlich alles passen. Den ersten Termin hatte &hellip; <a href=\"https:\/\/verstaerkeramt.eu\/projekte\/regale-fuer-unsere-sonderausstellung-110-jahre-braunsche-roehre\/\" class=\"more-link\"><span class=\"screen-reader-text\">Regale f\u00fcr unsere Sonderausstellung \u201c110 Jahre Braunsche R\u00f6hre\u201d<\/span> weiterlesen <span class=\"meta-nav\">&rarr;<\/span><\/a><\/p>\n","protected":false},"author":2,"featured_media":0,"parent":132,"menu_order":6,"comment_status":"closed","ping_status":"open","template":"","meta":{"footnotes":""},"class_list":["post-804","page","type-page","status-publish","hentry"],"jetpack_sharing_enabled":true,"_links":{"self":[{"href":"https:\/\/verstaerkeramt.eu\/wp-json\/wp\/v2\/pages\/804","targetHints":{"allow":["GET"]}}],"collection":[{"href":"https:\/\/verstaerkeramt.eu\/wp-json\/wp\/v2\/pages"}],"about":[{"href":"https:\/\/verstaerkeramt.eu\/wp-json\/wp\/v2\/types\/page"}],"author":[{"embeddable":true,"href":"https:\/\/verstaerkeramt.eu\/wp-json\/wp\/v2\/users\/2"}],"replies":[{"embeddable":true,"href":"https:\/\/verstaerkeramt.eu\/wp-json\/wp\/v2\/comments?post=804"}],"version-history":[{"count":0,"href":"https:\/\/verstaerkeramt.eu\/wp-json\/wp\/v2\/pages\/804\/revisions"}],"up":[{"embeddable":true,"href":"https:\/\/verstaerkeramt.eu\/wp-json\/wp\/v2\/pages\/132"}],"wp:attachment":[{"href":"https:\/\/verstaerkeramt.eu\/wp-json\/wp\/v2\/media?parent=804"}],"curies":[{"name":"wp","href":"https:\/\/api.w.org\/{rel}","templated":true}]}}