{"id":7,"date":"2014-01-17T21:35:16","date_gmt":"2014-01-17T19:35:16","guid":{"rendered":"http:\/\/rtm.dnsalias.net\/?page_id=7"},"modified":"2024-08-01T11:00:12","modified_gmt":"2024-08-01T09:00:12","slug":"das-verstaerkeramt","status":"publish","type":"page","link":"https:\/\/verstaerkeramt.eu\/geschichte\/das-verstaerkeramt\/","title":{"rendered":"Das Verst\u00e4rkeramt"},"content":{"rendered":"<figure id=\"attachment_67\" aria-describedby=\"caption-attachment-67\" style=\"width: 750px\" class=\"wp-caption aligncenter\"><a href=\"https:\/\/i0.wp.com\/verstaerkeramt.eu\/wp-content\/uploads\/2014\/01\/a_Pict0136.jpg\"><img data-recalc-dims=\"1\" loading=\"lazy\" decoding=\"async\" class=\"wp-image-67\" title=\"Torbalkeninschrift\" src=\"https:\/\/i0.wp.com\/verstaerkeramt.eu\/wp-content\/uploads\/2014\/01\/a_Pict0136.jpg?resize=474%2C130\" alt=\"Torbalkeninschrift\" width=\"474\" height=\"130\" srcset=\"https:\/\/i0.wp.com\/verstaerkeramt.eu\/wp-content\/uploads\/2014\/01\/a_Pict0136.jpg?w=750&amp;ssl=1 750w, https:\/\/i0.wp.com\/verstaerkeramt.eu\/wp-content\/uploads\/2014\/01\/a_Pict0136.jpg?resize=300%2C82&amp;ssl=1 300w\" sizes=\"auto, (max-width: 474px) 100vw, 474px\" \/><\/a><figcaption id=\"caption-attachment-67\" class=\"wp-caption-text\">Torbalkeninschrift<\/figcaption><\/figure>\n<p><span style=\"line-height: 1.5;\">In den 1920er Jahren entwickelte sich Wiedenbr\u00fcck zu einem Fernkabelknotenpunkt f\u00fcr das Telefon- und Fernschreibwesen. Im Zuge der Kriegsvorbereitungen begann man 1938 zwischen den heutigen Ortsteilen Wiedenbr\u00fcck und St. Vit mit dem Bau des neuen Verst\u00e4rkeramtes zur Signalanhebung, um die Verluste auf den Fernkabeln auszugleichen. Die unterirdischen R\u00e4ume bekamen zur Tarnung ein nachempfundenes westf\u00e4lisches Bauernhaus aufgesetzt. Die Torbalkeninschrift heisst \u00fcbersetzt: \u201cSinn und Sorgfalt, Schwei\u00df und Flei\u00df haben gebaut dies Haus in grosser Zeit\u201d.<\/span><\/p>\n<h2>Was ist ein Verst\u00e4rkeramt?<\/h2>\n<figure id=\"attachment_68\" aria-describedby=\"caption-attachment-68\" style=\"width: 300px\" class=\"wp-caption alignright\"><a href=\"https:\/\/i0.wp.com\/verstaerkeramt.eu\/wp-content\/uploads\/2014\/01\/a_AMTFRAUEN02.jpg\"><img data-recalc-dims=\"1\" loading=\"lazy\" decoding=\"async\" class=\"wp-image-68 size-full\" src=\"https:\/\/i0.wp.com\/verstaerkeramt.eu\/wp-content\/uploads\/2014\/01\/a_AMTFRAUEN02.jpg?resize=300%2C198&#038;ssl=1\" alt=\"Amtsfrauen\" width=\"300\" height=\"198\" \/><\/a><figcaption id=\"caption-attachment-68\" class=\"wp-caption-text\">Amtsfrauen<\/figcaption><\/figure>\n<p>Mit Hilfe von Verst\u00e4rkern (in der Anfangszeit mit R\u00f6hrenverst\u00e4rkern) werden die Telefon- und Fernschreibsignale im Pegel angehoben, um die Kabelverluste auf den langen Leitungen auszugleichen, damit man am anderen Ende der Leitung am Telefonh\u00f6rer noch alles verstehen kann. R\u00f6hrenverst\u00e4rker mit Batteriebetrieb, 220 Volt Anodenspannung, 180 Volt Schirmgitterspannung, 12,5 Volt Heizspannung im Nachladebetrieb und 40 Volt negative Gittervorspannung im Entladebetrieb (zur Vermeidung von Brumm) und Aufladung der 2. Gittervorspannungsbatterie in Bereitschaft zur Umschaltung, wenn die 1. Batterie sich dem Entladungspunkt n\u00e4herte. Ein Notstromaggregat diente zur Stromausfall\u00fcberbr\u00fcckung.<\/p>\n<p>Nach dem 2. Weltkrieg kamen weitere Dienste hinzu: Rundfunk, Fernsehen, Luft- u. Katastrophenschutz usw.<br \/>\nDurch den Einsatz neuerer Techniken wurde dieser Standort \u00fcberfl\u00fcssig.<br \/>\n1995 schaltete die Telekom die Anlagen ab.<br \/>\nDer neue Besitzer, Hans Schal\u00fcck, f\u00fcllte das Geb\u00e4ude wieder mit Leben. Neben einer Fertigung f\u00fcr Sonnenschutzsegel entstand im Bauernhaus ein Caf\u00e9 und gemeinsam mit Richard K\u00fcgeler dieses Museum.<br \/>\nDieses in Westfalen einmalige unver\u00e4nderte Anwesen steht heute unter Denkmalschutz.<\/p>\n","protected":false},"excerpt":{"rendered":"<p>In den 1920er Jahren entwickelte sich Wiedenbr\u00fcck zu einem Fernkabelknotenpunkt f\u00fcr das Telefon- und Fernschreibwesen. Im Zuge der Kriegsvorbereitungen begann man 1938 zwischen den heutigen Ortsteilen Wiedenbr\u00fcck und St. Vit mit dem Bau des neuen Verst\u00e4rkeramtes zur Signalanhebung, um die Verluste auf den Fernkabeln auszugleichen. Die unterirdischen R\u00e4ume bekamen zur Tarnung ein nachempfundenes westf\u00e4lisches Bauernhaus &hellip; <a href=\"https:\/\/verstaerkeramt.eu\/geschichte\/das-verstaerkeramt\/\" class=\"more-link\"><span class=\"screen-reader-text\">Das Verst\u00e4rkeramt<\/span> weiterlesen <span class=\"meta-nav\">&rarr;<\/span><\/a><\/p>\n","protected":false},"author":2,"featured_media":0,"parent":9,"menu_order":1,"comment_status":"closed","ping_status":"open","template":"","meta":{"footnotes":""},"class_list":["post-7","page","type-page","status-publish","hentry"],"jetpack_sharing_enabled":true,"_links":{"self":[{"href":"https:\/\/verstaerkeramt.eu\/wp-json\/wp\/v2\/pages\/7","targetHints":{"allow":["GET"]}}],"collection":[{"href":"https:\/\/verstaerkeramt.eu\/wp-json\/wp\/v2\/pages"}],"about":[{"href":"https:\/\/verstaerkeramt.eu\/wp-json\/wp\/v2\/types\/page"}],"author":[{"embeddable":true,"href":"https:\/\/verstaerkeramt.eu\/wp-json\/wp\/v2\/users\/2"}],"replies":[{"embeddable":true,"href":"https:\/\/verstaerkeramt.eu\/wp-json\/wp\/v2\/comments?post=7"}],"version-history":[{"count":3,"href":"https:\/\/verstaerkeramt.eu\/wp-json\/wp\/v2\/pages\/7\/revisions"}],"predecessor-version":[{"id":2902,"href":"https:\/\/verstaerkeramt.eu\/wp-json\/wp\/v2\/pages\/7\/revisions\/2902"}],"up":[{"embeddable":true,"href":"https:\/\/verstaerkeramt.eu\/wp-json\/wp\/v2\/pages\/9"}],"wp:attachment":[{"href":"https:\/\/verstaerkeramt.eu\/wp-json\/wp\/v2\/media?parent=7"}],"curies":[{"name":"wp","href":"https:\/\/api.w.org\/{rel}","templated":true}]}}