{"id":37,"date":"2014-01-17T21:53:00","date_gmt":"2014-01-17T19:53:00","guid":{"rendered":"http:\/\/rtm.dnsalias.net\/?page_id=37"},"modified":"2026-01-26T15:03:22","modified_gmt":"2026-01-26T14:03:22","slug":"kontakt","status":"publish","type":"page","link":"https:\/\/verstaerkeramt.eu\/kontakt\/","title":{"rendered":"Kontakt"},"content":{"rendered":"<p>Radio- u. Telefon-Museum im Verst\u00e4rkeramt e.V.<br \/>\nEusterbrockstr. 44, 33378 Rheda-Wiedenbr\u00fcck<br \/>\nE-Mail: <a href=\"mailto:Kontakt@Verstaerkeramt.eu\">Kontakt @ Verstaerkeramt.eu<\/a><\/p>\n<p>W\u00e4hrend der normalen \u00d6ffnungszeiten sind wir auch unter 05242\/4129911 erreichbar, ansonsten sprechen Sie bitte auf dem Anrufbeantworter und wir rufen Sie schnellst m\u00f6glich zur\u00fcck.<\/p>\n<h2>\u00d6ffnungszeiten:<\/h2>\n<p>vom 10.01. bis 14.12.2026<\/p>\n<p>jeden Samstag und Sonntag von 14 \u2013 18 Uhr, letzter Einlass ist 17 Uhr.<br \/>\nGruppenf\u00fchrungen auch nach Vereinbarung. (Kosten pro Person 5,-\u20ac )<\/p>\n<p>Der Eintritt ist frei und wir freuen uns aber \u00fcber jede Spende.<\/p>\n<p>Das Museum nicht barrierefrei und kann nur \u00fcber die Eingangstreppe erreicht werden.<\/p>\n<h2>Spenden<\/h2>\n<p>Wollen Sie uns unterst\u00fctzen ?<br \/>\nWir sind ein gemeinn\u00fctziger Verein, Spendenquittungen werden selbstverst\u00e4ndlich ausgestellt.<\/p>\n<p><strong>Spendenkonto:<\/strong><\/p>\n<p>Zahlungsempf\u00e4nger, Name: Radio- u. Telefon-Museum im Verst\u00e4rkeramt e.V.<br \/>\nIBAN: DE90 4785 3520 0002 0378 10<\/p>\n","protected":false},"excerpt":{"rendered":"<p>Radio- u. Telefon-Museum im Verst\u00e4rkeramt e.V. Eusterbrockstr. 44, 33378 Rheda-Wiedenbr\u00fcck E-Mail: Kontakt @ Verstaerkeramt.eu W\u00e4hrend der normalen \u00d6ffnungszeiten sind wir auch unter 05242\/4129911 erreichbar, ansonsten sprechen Sie bitte auf dem Anrufbeantworter und wir rufen Sie schnellst m\u00f6glich zur\u00fcck. \u00d6ffnungszeiten: vom 10.01. bis 14.12.2026 jeden Samstag und Sonntag von 14 \u2013 18 Uhr, letzter Einlass ist &hellip; <a href=\"https:\/\/verstaerkeramt.eu\/kontakt\/\" class=\"more-link\"><span class=\"screen-reader-text\">Kontakt<\/span> weiterlesen <span class=\"meta-nav\">&rarr;<\/span><\/a><\/p>\n","protected":false},"author":2,"featured_media":0,"parent":0,"menu_order":91,"comment_status":"closed","ping_status":"closed","template":"","meta":{"footnotes":""},"class_list":["post-37","page","type-page","status-publish","hentry"],"jetpack_sharing_enabled":true,"_links":{"self":[{"href":"https:\/\/verstaerkeramt.eu\/wp-json\/wp\/v2\/pages\/37","targetHints":{"allow":["GET"]}}],"collection":[{"href":"https:\/\/verstaerkeramt.eu\/wp-json\/wp\/v2\/pages"}],"about":[{"href":"https:\/\/verstaerkeramt.eu\/wp-json\/wp\/v2\/types\/page"}],"author":[{"embeddable":true,"href":"https:\/\/verstaerkeramt.eu\/wp-json\/wp\/v2\/users\/2"}],"replies":[{"embeddable":true,"href":"https:\/\/verstaerkeramt.eu\/wp-json\/wp\/v2\/comments?post=37"}],"version-history":[{"count":12,"href":"https:\/\/verstaerkeramt.eu\/wp-json\/wp\/v2\/pages\/37\/revisions"}],"predecessor-version":[{"id":3073,"href":"https:\/\/verstaerkeramt.eu\/wp-json\/wp\/v2\/pages\/37\/revisions\/3073"}],"wp:attachment":[{"href":"https:\/\/verstaerkeramt.eu\/wp-json\/wp\/v2\/media?parent=37"}],"curies":[{"name":"wp","href":"https:\/\/api.w.org\/{rel}","templated":true}]}}