{"id":34,"date":"2014-01-17T21:50:58","date_gmt":"2014-01-17T19:50:58","guid":{"rendered":"http:\/\/rtm.dnsalias.net\/?page_id=34"},"modified":"2026-01-26T14:59:34","modified_gmt":"2026-01-26T13:59:34","slug":"so-finden-sie-uns","status":"publish","type":"page","link":"https:\/\/verstaerkeramt.eu\/so-finden-sie-uns\/","title":{"rendered":"So finden Sie uns \/ \u00d6ffnungszeiten"},"content":{"rendered":"<p>Radio- u. Telefon-Museum im Verst\u00e4rkeramt e.V., Eusterbrockstr. 44, 33378 Rheda-Wiedenbr\u00fcck<\/p>\n<p>Ge\u00f6ffnet jeden Samstag und Sonntag von 14 \u2013 18 Uhr, letzter Einlass ist 17 Uhr.<\/p>\n<p>W\u00e4hrend unserer \u00d6ffnungs- und F\u00fchrungszeiten erreichen sie uns auch unter:\u00a0\u00a0 <strong>05242 \/ 4129911<br \/>\n<\/strong><\/p>\n<p><a href=\"https:\/\/i0.wp.com\/alt.verstaerkeramt.eu\/wp-content\/uploads\/2017\/09\/Anfahrtsskizze.jpg\"><img data-recalc-dims=\"1\" loading=\"lazy\" decoding=\"async\" class=\"aligncenter size-full wp-image-1927\" src=\"https:\/\/i0.wp.com\/alt.verstaerkeramt.eu\/wp-content\/uploads\/2017\/09\/Anfahrtsskizze.jpg?resize=474%2C454\" alt=\"\" width=\"474\" height=\"454\" srcset=\"https:\/\/i0.wp.com\/verstaerkeramt.eu\/wp-content\/uploads\/2017\/09\/Anfahrtsskizze.jpg?w=768&amp;ssl=1 768w, https:\/\/i0.wp.com\/verstaerkeramt.eu\/wp-content\/uploads\/2017\/09\/Anfahrtsskizze.jpg?resize=300%2C287&amp;ssl=1 300w\" sizes=\"auto, (max-width: 474px) 100vw, 474px\" \/><\/a><\/p>\n<p>&nbsp;<\/p>\n<p><iframe loading=\"lazy\" style=\"border: 0;\" src=\"https:\/\/www.google.com\/maps\/embed?pb=!1m18!1m12!1m3!1d39448.868944598864!2d8.295638255437902!3d51.832571696947646!2m3!1f0!2f0!3f0!3m2!1i1024!2i768!4f13.1!3m3!1m2!1s0x47ba29689864de8b%3A0x644ecb6b50e3fb6d!2sEusterbrockstra%C3%9Fe+44!5e0!3m2!1sde!2sde!4v1394277444141\" width=\"600\" height=\"450\" frameborder=\"0\"><\/iframe><\/p>\n","protected":false},"excerpt":{"rendered":"<p>Radio- u. Telefon-Museum im Verst\u00e4rkeramt e.V., Eusterbrockstr. 44, 33378 Rheda-Wiedenbr\u00fcck Ge\u00f6ffnet jeden Samstag und Sonntag von 14 \u2013 18 Uhr, letzter Einlass ist 17 Uhr. W\u00e4hrend unserer \u00d6ffnungs- und F\u00fchrungszeiten erreichen sie uns auch unter:\u00a0\u00a0 05242 \/ 4129911 &nbsp;<\/p>\n","protected":false},"author":2,"featured_media":0,"parent":0,"menu_order":90,"comment_status":"closed","ping_status":"closed","template":"","meta":{"footnotes":""},"class_list":["post-34","page","type-page","status-publish","hentry"],"jetpack_sharing_enabled":true,"_links":{"self":[{"href":"https:\/\/verstaerkeramt.eu\/wp-json\/wp\/v2\/pages\/34","targetHints":{"allow":["GET"]}}],"collection":[{"href":"https:\/\/verstaerkeramt.eu\/wp-json\/wp\/v2\/pages"}],"about":[{"href":"https:\/\/verstaerkeramt.eu\/wp-json\/wp\/v2\/types\/page"}],"author":[{"embeddable":true,"href":"https:\/\/verstaerkeramt.eu\/wp-json\/wp\/v2\/users\/2"}],"replies":[{"embeddable":true,"href":"https:\/\/verstaerkeramt.eu\/wp-json\/wp\/v2\/comments?post=34"}],"version-history":[{"count":2,"href":"https:\/\/verstaerkeramt.eu\/wp-json\/wp\/v2\/pages\/34\/revisions"}],"predecessor-version":[{"id":3072,"href":"https:\/\/verstaerkeramt.eu\/wp-json\/wp\/v2\/pages\/34\/revisions\/3072"}],"wp:attachment":[{"href":"https:\/\/verstaerkeramt.eu\/wp-json\/wp\/v2\/media?parent=34"}],"curies":[{"name":"wp","href":"https:\/\/api.w.org\/{rel}","templated":true}]}}