{"id":323,"date":"2014-01-17T16:41:16","date_gmt":"2014-01-17T16:41:16","guid":{"rendered":"http:\/\/rtm.dnsalias.net\/?page_id=2"},"modified":"2025-07-07T15:01:01","modified_gmt":"2025-07-07T13:01:01","slug":"beispiel-seite-2","status":"publish","type":"page","link":"https:\/\/verstaerkeramt.eu\/","title":{"rendered":"Herzlich Willkommen"},"content":{"rendered":"<p>In unserem Museum begeben Sie sich auf eine Zeitreise in die Vergangenheit. Wir bieten interessierten Besuchern: Radios, R\u00f6hren, Telefone, Vermittlungstechnik, Tefifone, Fernseher, Tonbandger\u00e4te, Funktechnik, Fernschreiber und vieles mehr. Es ist das einzige Verst\u00e4rkeramt, das in dieser Art genutzt wird.<\/p>\n<p>In den 1920er Jahren entwickelte sich Wiedenbr\u00fcck zu einem Fernkabelknotenpunkt f\u00fcr das Telefon- und Fernschreibwesen. Im Zuge der Kriegsvorbereitungen begann man 1938 zwischen den heutigen Ortsteilen Wiedenbr\u00fcck und St. Vit mit dem Bau des neuen Verst\u00e4rkeramtes zur Signalanhebung, um die Verluste auf den Fernkabeln auszugleichen. Die unterirdischen R\u00e4ume bekamen zur Tarnung ein nachempfundenes westf\u00e4lisches Bauernhaus. Das Museum ist nicht barrierefrei und kann nur \u00fcber die Eingangstreppe erreicht werden.<\/p>\n<figure id=\"attachment_2249\" aria-describedby=\"caption-attachment-2249\" style=\"width: 3674px\" class=\"wp-caption aligncenter\"><a href=\"https:\/\/i0.wp.com\/verstaerkeramt.eu\/wp-content\/uploads\/2019\/05\/Eingang.jpg?ssl=1\"><img data-recalc-dims=\"1\" loading=\"lazy\" decoding=\"async\" class=\"size-full wp-image-2249\" src=\"https:\/\/i0.wp.com\/verstaerkeramt.eu\/wp-content\/uploads\/2019\/05\/Eingang.jpg?resize=474%2C292&#038;ssl=1\" alt=\"\" width=\"474\" height=\"292\" srcset=\"https:\/\/i0.wp.com\/verstaerkeramt.eu\/wp-content\/uploads\/2019\/05\/Eingang.jpg?w=3674&amp;ssl=1 3674w, https:\/\/i0.wp.com\/verstaerkeramt.eu\/wp-content\/uploads\/2019\/05\/Eingang.jpg?resize=300%2C185&amp;ssl=1 300w, https:\/\/i0.wp.com\/verstaerkeramt.eu\/wp-content\/uploads\/2019\/05\/Eingang.jpg?resize=768%2C473&amp;ssl=1 768w, https:\/\/i0.wp.com\/verstaerkeramt.eu\/wp-content\/uploads\/2019\/05\/Eingang.jpg?resize=1024%2C631&amp;ssl=1 1024w, https:\/\/i0.wp.com\/verstaerkeramt.eu\/wp-content\/uploads\/2019\/05\/Eingang.jpg?w=948&amp;ssl=1 948w, https:\/\/i0.wp.com\/verstaerkeramt.eu\/wp-content\/uploads\/2019\/05\/Eingang.jpg?w=1422&amp;ssl=1 1422w\" sizes=\"auto, (max-width: 474px) 100vw, 474px\" \/><\/a><figcaption id=\"caption-attachment-2249\" class=\"wp-caption-text\">Der Eingang zum Museum<\/figcaption><\/figure>\n<p>Ansicht Radio- und Telefonmuseum<\/p>\n","protected":false},"excerpt":{"rendered":"<p>In unserem Museum begeben Sie sich auf eine Zeitreise in die Vergangenheit. Wir bieten interessierten Besuchern: Radios, R\u00f6hren, Telefone, Vermittlungstechnik, Tefifone, Fernseher, Tonbandger\u00e4te, Funktechnik, Fernschreiber und vieles mehr. Es ist das einzige Verst\u00e4rkeramt, das in dieser Art genutzt wird. In den 1920er Jahren entwickelte sich Wiedenbr\u00fcck zu einem Fernkabelknotenpunkt f\u00fcr das Telefon- und Fernschreibwesen. Im &hellip; <a href=\"https:\/\/verstaerkeramt.eu\/\" class=\"more-link\"><span class=\"screen-reader-text\">Herzlich Willkommen<\/span> weiterlesen <span class=\"meta-nav\">&rarr;<\/span><\/a><\/p>\n","protected":false},"author":2,"featured_media":0,"parent":0,"menu_order":0,"comment_status":"closed","ping_status":"closed","template":"","meta":{"footnotes":""},"class_list":["post-323","page","type-page","status-publish","hentry"],"jetpack_sharing_enabled":true,"_links":{"self":[{"href":"https:\/\/verstaerkeramt.eu\/wp-json\/wp\/v2\/pages\/323","targetHints":{"allow":["GET"]}}],"collection":[{"href":"https:\/\/verstaerkeramt.eu\/wp-json\/wp\/v2\/pages"}],"about":[{"href":"https:\/\/verstaerkeramt.eu\/wp-json\/wp\/v2\/types\/page"}],"author":[{"embeddable":true,"href":"https:\/\/verstaerkeramt.eu\/wp-json\/wp\/v2\/users\/2"}],"replies":[{"embeddable":true,"href":"https:\/\/verstaerkeramt.eu\/wp-json\/wp\/v2\/comments?post=323"}],"version-history":[{"count":7,"href":"https:\/\/verstaerkeramt.eu\/wp-json\/wp\/v2\/pages\/323\/revisions"}],"predecessor-version":[{"id":3038,"href":"https:\/\/verstaerkeramt.eu\/wp-json\/wp\/v2\/pages\/323\/revisions\/3038"}],"wp:attachment":[{"href":"https:\/\/verstaerkeramt.eu\/wp-json\/wp\/v2\/media?parent=323"}],"curies":[{"name":"wp","href":"https:\/\/api.w.org\/{rel}","templated":true}]}}