{"id":31,"date":"2014-01-17T21:46:13","date_gmt":"2014-01-17T19:46:13","guid":{"rendered":"http:\/\/rtm.dnsalias.net\/?page_id=31"},"modified":"2026-03-15T08:30:58","modified_gmt":"2026-03-15T07:30:58","slug":"impressum","status":"publish","type":"page","link":"https:\/\/verstaerkeramt.eu\/impressum\/","title":{"rendered":"Impressum"},"content":{"rendered":"<h2>Vorstand<\/h2>\n<p><strong>1. Vorsitzender:<\/strong> Dirk Bollmohr<br \/>\n<strong>2. Vorsitzender:<\/strong> Wolfgang Schwarz<br \/>\n<strong>Kassenwart:<\/strong> Wilfried Schwabe<br \/>\n<strong>Beisitzer:<\/strong> Peter Schmoll, Hans-Dieter Lechtermann<\/p>\n<p>Webmaster: Wilfried Schwabe<br \/>\nE-Mail: <a href=\"mailto:Webmaster@Verstaerkeramt.eu\">Webmaster \u00c4T Verstaerkeramt.eu<\/a><\/p>\n<p>Steuernummer : 347\/5910\/2218<br \/>\nEingetragen in das Vereinsregister beim Amtsgericht G\u00fctersloh unter VR20584<br \/>\nCopyright: F\u00f6rderverein Radio- und Telefon-Museum im Verst\u00e4rkeramt e.V. 2006 Alle Rechte vorbehalten.<\/p>\n<p>&nbsp;<\/p>\n<div class=\"mceTemp\"><\/div>\n","protected":false},"excerpt":{"rendered":"<p>Vorstand 1. Vorsitzender: Dirk Bollmohr 2. Vorsitzender: Wolfgang Schwarz Kassenwart: Wilfried Schwabe Beisitzer: Peter Schmoll, Hans-Dieter Lechtermann Webmaster: Wilfried Schwabe E-Mail: Webmaster \u00c4T Verstaerkeramt.eu Steuernummer : 347\/5910\/2218 Eingetragen in das Vereinsregister beim Amtsgericht G\u00fctersloh unter VR20584 Copyright: F\u00f6rderverein Radio- und Telefon-Museum im Verst\u00e4rkeramt e.V. 2006 Alle Rechte vorbehalten. &nbsp;<\/p>\n","protected":false},"author":2,"featured_media":0,"parent":0,"menu_order":92,"comment_status":"closed","ping_status":"closed","template":"","meta":{"footnotes":""},"class_list":["post-31","page","type-page","status-publish","hentry"],"jetpack_sharing_enabled":true,"_links":{"self":[{"href":"https:\/\/verstaerkeramt.eu\/wp-json\/wp\/v2\/pages\/31","targetHints":{"allow":["GET"]}}],"collection":[{"href":"https:\/\/verstaerkeramt.eu\/wp-json\/wp\/v2\/pages"}],"about":[{"href":"https:\/\/verstaerkeramt.eu\/wp-json\/wp\/v2\/types\/page"}],"author":[{"embeddable":true,"href":"https:\/\/verstaerkeramt.eu\/wp-json\/wp\/v2\/users\/2"}],"replies":[{"embeddable":true,"href":"https:\/\/verstaerkeramt.eu\/wp-json\/wp\/v2\/comments?post=31"}],"version-history":[{"count":3,"href":"https:\/\/verstaerkeramt.eu\/wp-json\/wp\/v2\/pages\/31\/revisions"}],"predecessor-version":[{"id":3091,"href":"https:\/\/verstaerkeramt.eu\/wp-json\/wp\/v2\/pages\/31\/revisions\/3091"}],"wp:attachment":[{"href":"https:\/\/verstaerkeramt.eu\/wp-json\/wp\/v2\/media?parent=31"}],"curies":[{"name":"wp","href":"https:\/\/api.w.org\/{rel}","templated":true}]}}