{"id":268,"date":"2014-01-21T22:03:11","date_gmt":"2014-01-21T20:03:11","guid":{"rendered":"http:\/\/rtm.dnsalias.net\/?page_id=268"},"modified":"2024-08-05T10:05:25","modified_gmt":"2024-08-05T08:05:25","slug":"von-der-tonwalze-zur-bildplatte-toene-in-der-schallplattenrille-festgehalten","status":"publish","type":"page","link":"https:\/\/verstaerkeramt.eu\/von-der-tonwalze-zur-bildplatte-toene-in-der-schallplattenrille-festgehalten\/","title":{"rendered":"Von der Tonwalze zur Bildplatte, T\u00f6ne in der Schallplattenrille festgehalten"},"content":{"rendered":"<p>25. April 2011 bis 08. April 2012 ehemalige Sonderausstellung: \u201cVon der Tonwalze zur Bildplatte, T\u00f6ne in der Schallplattenrille festgehalten\u201d.<\/p>\n<p>Einer der \u00e4ltesten W\u00fcnsche der Menschheit ist es, das Fl\u00fcchtige festzuhalten. Auf verschiedene Weise hat man es versucht. Bilder wurden gemalt, Plastiken gemei\u00dfelt. Beiden haben die Zeiten \u00fcberdauert, aber kein Wort, kein Klang aus vergangenen Zeiten. Wir haben Noten, viele hundert Jahre alt, aber nicht die Fl\u00f6tent\u00f6ne Friedrich des Gro\u00dfen, kein Orgelspiel Johann Sebastian Bachs, kein Gesang von den Minnes\u00e4ngern, denen die Menschenfr\u00fcher lauschten.<\/p>\n<p>Es war einmal ein Postillion, der im kalten Winter fr\u00f6hlich in sein Horn blies. Doch die T\u00f6ne kamen nicht heraus, sie froren ein. Als er dann in der n\u00e4chsten Kneipe sa\u00df sich ein wenig aufzuw\u00e4rmen, da taute sein Horn auf und die Melodien, die er unterwegs hineingeblasen hatte, schmetterten nur so heraus, was bei den anwesenden G\u00e4sten gro\u00dfe Verwunderung hervorrief.<\/p>\n<p>Die Art der Speicherung gelang nur einmalig und war noch keine M\u00f6glichkeit T\u00f6ne dauerhaft festzuhalten und wiederzugeben.<\/p>\n<p>1877 war das Geburtsjahr der \u201eSprechmaschine\u201c. Neben dem Franzosen Charls Cros und anderen Erfindern und Wissenschaftlern hat der Amerikaner Thomas Alva Edison seinen \u201ePhonographen\u201c entwickelt, ein Walzenspieler. Edison ist heute allgemein als der Erfinder der Tonspeicherung anzusehen. Als Erfinder der Schallplatte ist der Deutsche Emil Berliner allgemein anzusehen. Die Schallplatten lassen sich einfacher vervielf\u00e4ltigen und haben bis heute ihren Reiz nicht verloren. In der Fr\u00fchzeit benutzte man gro\u00dfe Trichter, mit denen der Schall aufgefangen wurde und erstmalig spiralf\u00f6rmig in die Schallplatte eingraviert wurde. Von diesem Original lie\u00dfen sich auf galvanischem Wege die Pressmatrizen herstellen und viele Platten in einer Vorrichtung, \u00e4hnlich einem Waffeleisen, viele Schallplatten pressen. Dieses Prinzip wird bis heute noch angewendet.<\/p>\n<p>Die Erfindung des Magnetbandes verfeinerte den Aufnahmeprozess wesentlich und verbesserte die Qualit\u00e4t. Das F\u00fcllschriftverfahren nach Eduard Rhein erh\u00f6hte die Speicherdichte erheblich. Ein Grammophon tastet die Schallplattenrille mit einer Stahlnadel ab, \u00fcbertr\u00e4gt die Schwingungen auf eine Membran und in einem Schalltrichter werden die T\u00f6ne verst\u00e4rkt. Moderne Wiedergabeger\u00e4te besitzen Leichttonarme und elektrische Systeme, die die Schwingungen der Schallplattenrille mit einer Diamantnadel abtasten und in elektrische Schwingungen umsetzen, verst\u00e4rken und den Schall aus Lautsprechern ert\u00f6nen lassen. Neben den Schallplatten mit Stereo-Ton hatte man Anfang 1970 4-kanalige Schalplatten in Quadrophonie-Technik zur Verbesserung des Raumklanges entwickelt, ein Vorl\u00e4ufer des Dolby-Surround-Systems. 19675 kam das Telefunken TED-Bildplattensystem auf dem Markt. Die Rillen tastete das Wiedergabeger\u00e4t mit eine sichelf\u00f6rmig geschliffenen Nadelspitze ab. Die Spielzeit betrug ca. 10 Minuten. Die Qualit\u00e4t lie\u00df noch zu w\u00fcnschen \u00fcbrig. Erst die Abtastung mit einem Laserstrahl bei der Bildplatte mit einem Durchmesser von 30 Zentimetern und der nachfolgenden DVD brachte ab 1982\/84 den erhofften Erfolg.<\/p>\n<p>Richard K\u00fcgeler<\/p>\n<p>&nbsp;<\/p>\n<p><a href=\"https:\/\/i0.wp.com\/verstaerkeramt.eu\/wp-content\/uploads\/2014\/01\/a_RTM_201102.jpg\"><img data-recalc-dims=\"1\" loading=\"lazy\" decoding=\"async\" class=\"aligncenter size-full wp-image-847\" alt=\"a_RTM_201102\" src=\"https:\/\/i0.wp.com\/verstaerkeramt.eu\/wp-content\/uploads\/2014\/01\/a_RTM_201102.jpg?resize=474%2C711\" width=\"474\" height=\"711\" srcset=\"https:\/\/i0.wp.com\/verstaerkeramt.eu\/wp-content\/uploads\/2014\/01\/a_RTM_201102.jpg?w=737&amp;ssl=1 737w, https:\/\/i0.wp.com\/verstaerkeramt.eu\/wp-content\/uploads\/2014\/01\/a_RTM_201102.jpg?resize=200%2C300&amp;ssl=1 200w, https:\/\/i0.wp.com\/verstaerkeramt.eu\/wp-content\/uploads\/2014\/01\/a_RTM_201102.jpg?resize=682%2C1024&amp;ssl=1 682w\" sizes=\"auto, (max-width: 474px) 100vw, 474px\" \/><\/a><\/p>\n<p>&nbsp;<\/p>\n<p><a href=\"https:\/\/i0.wp.com\/verstaerkeramt.eu\/wp-content\/uploads\/2014\/01\/Sonder2011R1.jpg\"><img data-recalc-dims=\"1\" loading=\"lazy\" decoding=\"async\" class=\"aligncenter size-full wp-image-849\" alt=\"Sonder2011R1\" src=\"https:\/\/i0.wp.com\/verstaerkeramt.eu\/wp-content\/uploads\/2014\/01\/Sonder2011R1.jpg?resize=474%2C356\" width=\"474\" height=\"356\" srcset=\"https:\/\/i0.wp.com\/verstaerkeramt.eu\/wp-content\/uploads\/2014\/01\/Sonder2011R1.jpg?w=900&amp;ssl=1 900w, https:\/\/i0.wp.com\/verstaerkeramt.eu\/wp-content\/uploads\/2014\/01\/Sonder2011R1.jpg?resize=300%2C225&amp;ssl=1 300w\" sizes=\"auto, (max-width: 474px) 100vw, 474px\" \/><\/a> <a href=\"https:\/\/i0.wp.com\/verstaerkeramt.eu\/wp-content\/uploads\/2014\/01\/Sonder2011R2.jpg\"><img data-recalc-dims=\"1\" loading=\"lazy\" decoding=\"async\" class=\"aligncenter size-full wp-image-850\" alt=\"Sonder2011R2\" src=\"https:\/\/i0.wp.com\/verstaerkeramt.eu\/wp-content\/uploads\/2014\/01\/Sonder2011R2.jpg?resize=474%2C356\" width=\"474\" height=\"356\" srcset=\"https:\/\/i0.wp.com\/verstaerkeramt.eu\/wp-content\/uploads\/2014\/01\/Sonder2011R2.jpg?w=810&amp;ssl=1 810w, https:\/\/i0.wp.com\/verstaerkeramt.eu\/wp-content\/uploads\/2014\/01\/Sonder2011R2.jpg?resize=300%2C225&amp;ssl=1 300w\" sizes=\"auto, (max-width: 474px) 100vw, 474px\" \/><\/a> <a href=\"https:\/\/i0.wp.com\/verstaerkeramt.eu\/wp-content\/uploads\/2014\/01\/Sonder2011R3.jpg\"><img data-recalc-dims=\"1\" loading=\"lazy\" decoding=\"async\" class=\"aligncenter size-full wp-image-851\" alt=\"Sonder2011R3\" src=\"https:\/\/i0.wp.com\/verstaerkeramt.eu\/wp-content\/uploads\/2014\/01\/Sonder2011R3.jpg?resize=474%2C356\" width=\"474\" height=\"356\" srcset=\"https:\/\/i0.wp.com\/verstaerkeramt.eu\/wp-content\/uploads\/2014\/01\/Sonder2011R3.jpg?w=810&amp;ssl=1 810w, https:\/\/i0.wp.com\/verstaerkeramt.eu\/wp-content\/uploads\/2014\/01\/Sonder2011R3.jpg?resize=300%2C225&amp;ssl=1 300w\" sizes=\"auto, (max-width: 474px) 100vw, 474px\" \/><\/a> <a href=\"https:\/\/i0.wp.com\/verstaerkeramt.eu\/wp-content\/uploads\/2014\/01\/Sonder2011R4.jpg\"><img data-recalc-dims=\"1\" loading=\"lazy\" decoding=\"async\" class=\"aligncenter size-full wp-image-852\" alt=\"Sonder2011R4\" src=\"https:\/\/i0.wp.com\/verstaerkeramt.eu\/wp-content\/uploads\/2014\/01\/Sonder2011R4.jpg?resize=474%2C356\" width=\"474\" height=\"356\" srcset=\"https:\/\/i0.wp.com\/verstaerkeramt.eu\/wp-content\/uploads\/2014\/01\/Sonder2011R4.jpg?w=3264&amp;ssl=1 3264w, https:\/\/i0.wp.com\/verstaerkeramt.eu\/wp-content\/uploads\/2014\/01\/Sonder2011R4.jpg?resize=300%2C225&amp;ssl=1 300w, https:\/\/i0.wp.com\/verstaerkeramt.eu\/wp-content\/uploads\/2014\/01\/Sonder2011R4.jpg?resize=1024%2C768&amp;ssl=1 1024w, https:\/\/i0.wp.com\/verstaerkeramt.eu\/wp-content\/uploads\/2014\/01\/Sonder2011R4.jpg?w=948&amp;ssl=1 948w, https:\/\/i0.wp.com\/verstaerkeramt.eu\/wp-content\/uploads\/2014\/01\/Sonder2011R4.jpg?w=1422&amp;ssl=1 1422w\" sizes=\"auto, (max-width: 474px) 100vw, 474px\" \/><\/a> <a href=\"https:\/\/i0.wp.com\/verstaerkeramt.eu\/wp-content\/uploads\/2014\/01\/Sonder2011R5.jpg\"><img data-recalc-dims=\"1\" loading=\"lazy\" decoding=\"async\" class=\"aligncenter size-full wp-image-853\" alt=\"Sonder2011R5\" src=\"https:\/\/i0.wp.com\/verstaerkeramt.eu\/wp-content\/uploads\/2014\/01\/Sonder2011R5.jpg?resize=450%2C338\" width=\"450\" height=\"338\" srcset=\"https:\/\/i0.wp.com\/verstaerkeramt.eu\/wp-content\/uploads\/2014\/01\/Sonder2011R5.jpg?w=450&amp;ssl=1 450w, https:\/\/i0.wp.com\/verstaerkeramt.eu\/wp-content\/uploads\/2014\/01\/Sonder2011R5.jpg?resize=300%2C225&amp;ssl=1 300w\" sizes=\"auto, (max-width: 450px) 100vw, 450px\" \/><\/a> <a href=\"https:\/\/i0.wp.com\/verstaerkeramt.eu\/wp-content\/uploads\/2014\/01\/Sonder2011R6.jpg\"><img data-recalc-dims=\"1\" loading=\"lazy\" decoding=\"async\" class=\"aligncenter size-full wp-image-854\" alt=\"Sonder2011R6\" src=\"https:\/\/i0.wp.com\/verstaerkeramt.eu\/wp-content\/uploads\/2014\/01\/Sonder2011R6.jpg?resize=390%2C293\" width=\"390\" height=\"293\" srcset=\"https:\/\/i0.wp.com\/verstaerkeramt.eu\/wp-content\/uploads\/2014\/01\/Sonder2011R6.jpg?w=390&amp;ssl=1 390w, https:\/\/i0.wp.com\/verstaerkeramt.eu\/wp-content\/uploads\/2014\/01\/Sonder2011R6.jpg?resize=300%2C225&amp;ssl=1 300w\" sizes=\"auto, (max-width: 390px) 100vw, 390px\" \/><\/a> <a href=\"https:\/\/i0.wp.com\/verstaerkeramt.eu\/wp-content\/uploads\/2014\/01\/Sonder2011R8.jpg\"><img data-recalc-dims=\"1\" loading=\"lazy\" decoding=\"async\" class=\"aligncenter size-full wp-image-855\" alt=\"Sonder2011R8\" src=\"https:\/\/i0.wp.com\/verstaerkeramt.eu\/wp-content\/uploads\/2014\/01\/Sonder2011R8.jpg?resize=474%2C356\" width=\"474\" height=\"356\" srcset=\"https:\/\/i0.wp.com\/verstaerkeramt.eu\/wp-content\/uploads\/2014\/01\/Sonder2011R8.jpg?w=600&amp;ssl=1 600w, https:\/\/i0.wp.com\/verstaerkeramt.eu\/wp-content\/uploads\/2014\/01\/Sonder2011R8.jpg?resize=300%2C225&amp;ssl=1 300w\" sizes=\"auto, (max-width: 474px) 100vw, 474px\" \/><\/a> <a href=\"https:\/\/i0.wp.com\/verstaerkeramt.eu\/wp-content\/uploads\/2014\/01\/Sonder2011R9.jpg\"><img data-recalc-dims=\"1\" loading=\"lazy\" decoding=\"async\" class=\"aligncenter size-full wp-image-856\" alt=\"Sonder2011R9\" src=\"https:\/\/i0.wp.com\/verstaerkeramt.eu\/wp-content\/uploads\/2014\/01\/Sonder2011R9.jpg?resize=390%2C343\" width=\"390\" height=\"343\" srcset=\"https:\/\/i0.wp.com\/verstaerkeramt.eu\/wp-content\/uploads\/2014\/01\/Sonder2011R9.jpg?w=390&amp;ssl=1 390w, https:\/\/i0.wp.com\/verstaerkeramt.eu\/wp-content\/uploads\/2014\/01\/Sonder2011R9.jpg?resize=300%2C263&amp;ssl=1 300w\" sizes=\"auto, (max-width: 390px) 100vw, 390px\" \/><\/a><\/p>\n","protected":false},"excerpt":{"rendered":"<p>25. April 2011 bis 08. April 2012 ehemalige Sonderausstellung: \u201cVon der Tonwalze zur Bildplatte, T\u00f6ne in der Schallplattenrille festgehalten\u201d. Einer der \u00e4ltesten W\u00fcnsche der Menschheit ist es, das Fl\u00fcchtige festzuhalten. Auf verschiedene Weise hat man es versucht. Bilder wurden gemalt, Plastiken gemei\u00dfelt. Beiden haben die Zeiten \u00fcberdauert, aber kein Wort, kein Klang aus vergangenen Zeiten. &hellip; <a href=\"https:\/\/verstaerkeramt.eu\/von-der-tonwalze-zur-bildplatte-toene-in-der-schallplattenrille-festgehalten\/\" class=\"more-link\"><span class=\"screen-reader-text\">Von der Tonwalze zur Bildplatte, T\u00f6ne in der Schallplattenrille festgehalten<\/span> weiterlesen <span class=\"meta-nav\">&rarr;<\/span><\/a><\/p>\n","protected":false},"author":2,"featured_media":0,"parent":0,"menu_order":0,"comment_status":"closed","ping_status":"open","template":"","meta":{"footnotes":""},"class_list":["post-268","page","type-page","status-publish","hentry"],"jetpack_sharing_enabled":true,"_links":{"self":[{"href":"https:\/\/verstaerkeramt.eu\/wp-json\/wp\/v2\/pages\/268","targetHints":{"allow":["GET"]}}],"collection":[{"href":"https:\/\/verstaerkeramt.eu\/wp-json\/wp\/v2\/pages"}],"about":[{"href":"https:\/\/verstaerkeramt.eu\/wp-json\/wp\/v2\/types\/page"}],"author":[{"embeddable":true,"href":"https:\/\/verstaerkeramt.eu\/wp-json\/wp\/v2\/users\/2"}],"replies":[{"embeddable":true,"href":"https:\/\/verstaerkeramt.eu\/wp-json\/wp\/v2\/comments?post=268"}],"version-history":[{"count":2,"href":"https:\/\/verstaerkeramt.eu\/wp-json\/wp\/v2\/pages\/268\/revisions"}],"predecessor-version":[{"id":2921,"href":"https:\/\/verstaerkeramt.eu\/wp-json\/wp\/v2\/pages\/268\/revisions\/2921"}],"wp:attachment":[{"href":"https:\/\/verstaerkeramt.eu\/wp-json\/wp\/v2\/media?parent=268"}],"curies":[{"name":"wp","href":"https:\/\/api.w.org\/{rel}","templated":true}]}}