{"id":1712,"date":"2016-11-17T10:45:48","date_gmt":"2016-11-17T09:45:48","guid":{"rendered":"http:\/\/www.verstaerkeramt.eu\/?page_id=1712"},"modified":"2016-11-17T10:45:48","modified_gmt":"2016-11-17T09:45:48","slug":"ausstellung-im-seniorenheim-haus-maria-regina-wadersloh-diestedde","status":"publish","type":"page","link":"https:\/\/verstaerkeramt.eu\/ausstellung-im-seniorenheim-haus-maria-regina-wadersloh-diestedde\/","title":{"rendered":"Ausstellung im Seniorenheim  Haus Maria Regina , Wadersloh-Diestedde"},"content":{"rendered":"<p>Wir haben im Seniorenheim Haus Maria Regina eine Ausstellung unter dem Motto &#8221; Du da, im Radio &#8211; Schellack-Sch\u00e4tzchen und mehr &#8221;<\/p>\n<p>Alle Interessierten sind sehr herzlich ab dem 13. November 2016 ab 14.00 Uhr in das Haus Maria Regina in Diestedde eingeladen. In diesem Jahr steht der Caf\u00e9sonntag unter dem Motto \u201eDu da im Radio \u2013 Schellack-Sch\u00e4tzchen und mehr\u201c. Viele der \u00e4lteren Menschen erinnern sich noch an die Schlager der Jugendzeit, die auf Schellack-Platten gebrannt zum Ohrwurm wurden. Auch an das gute alte Grammophon, den Volksempf\u00e4nger, den Luxus des ersten kleinen Schwarz-Wei\u00df-Fernsehers und die ersten Sprachverbindungen \u00fcber Wandtelefone erinnern sich die Bewohner des Hauses Maria Regina mit sch\u00f6nen Geschichten zur\u00fcck. In Zusammenarbeit mit uns,\u00a0 dem Radio und Telefon Museum \u201eVerst\u00e4rkeramt\u201c in St. Vit,\u00a0 pr\u00e4sentiert Ihnen das Haus Maria Regina eine Ausstellung, die auch von den zu Papier gebrachten Erinnerungen der Bewohner bereichert wird.<\/p>\n<p>&nbsp;<\/p>\n<p>Weiter Infos findet Ihr unter:\u00a0 <a href=\"https:\/\/maria-regina-diestedde.smmp.de\">https:\/\/maria-regina-diestedde.smmp.de<\/a><\/p>\n<p>&nbsp;<\/p>\n<div id='gallery-1' class='gallery galleryid-1712 gallery-columns-4 gallery-size-full'><figure class='gallery-item'>\n\t\t\t<div class='gallery-icon landscape'>\n\t\t\t\t<a href='https:\/\/verstaerkeramt.eu\/p1000723\/'><img loading=\"lazy\" decoding=\"async\" width=\"1024\" height=\"684\" src=\"https:\/\/i0.wp.com\/verstaerkeramt.eu\/wp-content\/uploads\/2016\/11\/P1000723.jpg?fit=1024%2C684&amp;ssl=1\" class=\"attachment-full size-full\" alt=\"\" srcset=\"https:\/\/i0.wp.com\/verstaerkeramt.eu\/wp-content\/uploads\/2016\/11\/P1000723.jpg?w=1024&amp;ssl=1 1024w, https:\/\/i0.wp.com\/verstaerkeramt.eu\/wp-content\/uploads\/2016\/11\/P1000723.jpg?resize=300%2C200&amp;ssl=1 300w, https:\/\/i0.wp.com\/verstaerkeramt.eu\/wp-content\/uploads\/2016\/11\/P1000723.jpg?resize=768%2C513&amp;ssl=1 768w, https:\/\/i0.wp.com\/verstaerkeramt.eu\/wp-content\/uploads\/2016\/11\/P1000723.jpg?w=948&amp;ssl=1 948w\" sizes=\"auto, (max-width: 474px) 100vw, 474px\" \/><\/a>\n\t\t\t<\/div><\/figure><figure class='gallery-item'>\n\t\t\t<div class='gallery-icon landscape'>\n\t\t\t\t<a href='https:\/\/verstaerkeramt.eu\/p1000727\/'><img loading=\"lazy\" decoding=\"async\" width=\"1024\" height=\"684\" src=\"https:\/\/i0.wp.com\/verstaerkeramt.eu\/wp-content\/uploads\/2016\/11\/P1000727.jpg?fit=1024%2C684&amp;ssl=1\" class=\"attachment-full size-full\" alt=\"\" srcset=\"https:\/\/i0.wp.com\/verstaerkeramt.eu\/wp-content\/uploads\/2016\/11\/P1000727.jpg?w=1024&amp;ssl=1 1024w, https:\/\/i0.wp.com\/verstaerkeramt.eu\/wp-content\/uploads\/2016\/11\/P1000727.jpg?resize=300%2C200&amp;ssl=1 300w, https:\/\/i0.wp.com\/verstaerkeramt.eu\/wp-content\/uploads\/2016\/11\/P1000727.jpg?resize=768%2C513&amp;ssl=1 768w, https:\/\/i0.wp.com\/verstaerkeramt.eu\/wp-content\/uploads\/2016\/11\/P1000727.jpg?w=948&amp;ssl=1 948w\" sizes=\"auto, (max-width: 474px) 100vw, 474px\" \/><\/a>\n\t\t\t<\/div><\/figure><figure class='gallery-item'>\n\t\t\t<div class='gallery-icon landscape'>\n\t\t\t\t<a href='https:\/\/verstaerkeramt.eu\/p1000724\/'><img loading=\"lazy\" decoding=\"async\" width=\"1024\" height=\"684\" src=\"https:\/\/i0.wp.com\/verstaerkeramt.eu\/wp-content\/uploads\/2016\/11\/P1000724.jpg?fit=1024%2C684&amp;ssl=1\" class=\"attachment-full size-full\" alt=\"\" srcset=\"https:\/\/i0.wp.com\/verstaerkeramt.eu\/wp-content\/uploads\/2016\/11\/P1000724.jpg?w=1024&amp;ssl=1 1024w, https:\/\/i0.wp.com\/verstaerkeramt.eu\/wp-content\/uploads\/2016\/11\/P1000724.jpg?resize=300%2C200&amp;ssl=1 300w, https:\/\/i0.wp.com\/verstaerkeramt.eu\/wp-content\/uploads\/2016\/11\/P1000724.jpg?resize=768%2C513&amp;ssl=1 768w, https:\/\/i0.wp.com\/verstaerkeramt.eu\/wp-content\/uploads\/2016\/11\/P1000724.jpg?w=948&amp;ssl=1 948w\" sizes=\"auto, (max-width: 474px) 100vw, 474px\" \/><\/a>\n\t\t\t<\/div><\/figure><figure class='gallery-item'>\n\t\t\t<div class='gallery-icon landscape'>\n\t\t\t\t<a href='https:\/\/verstaerkeramt.eu\/p1000726\/'><img loading=\"lazy\" decoding=\"async\" width=\"1024\" height=\"684\" src=\"https:\/\/i0.wp.com\/verstaerkeramt.eu\/wp-content\/uploads\/2016\/11\/P1000726.jpg?fit=1024%2C684&amp;ssl=1\" class=\"attachment-full size-full\" alt=\"\" srcset=\"https:\/\/i0.wp.com\/verstaerkeramt.eu\/wp-content\/uploads\/2016\/11\/P1000726.jpg?w=1024&amp;ssl=1 1024w, https:\/\/i0.wp.com\/verstaerkeramt.eu\/wp-content\/uploads\/2016\/11\/P1000726.jpg?resize=300%2C200&amp;ssl=1 300w, https:\/\/i0.wp.com\/verstaerkeramt.eu\/wp-content\/uploads\/2016\/11\/P1000726.jpg?resize=768%2C513&amp;ssl=1 768w, https:\/\/i0.wp.com\/verstaerkeramt.eu\/wp-content\/uploads\/2016\/11\/P1000726.jpg?w=948&amp;ssl=1 948w\" sizes=\"auto, (max-width: 474px) 100vw, 474px\" \/><\/a>\n\t\t\t<\/div><\/figure><figure class='gallery-item'>\n\t\t\t<div class='gallery-icon landscape'>\n\t\t\t\t<a href='https:\/\/verstaerkeramt.eu\/p1000722\/'><img loading=\"lazy\" decoding=\"async\" width=\"1024\" height=\"684\" src=\"https:\/\/i0.wp.com\/verstaerkeramt.eu\/wp-content\/uploads\/2016\/11\/P1000722.jpg?fit=1024%2C684&amp;ssl=1\" class=\"attachment-full size-full\" alt=\"\" srcset=\"https:\/\/i0.wp.com\/verstaerkeramt.eu\/wp-content\/uploads\/2016\/11\/P1000722.jpg?w=1024&amp;ssl=1 1024w, https:\/\/i0.wp.com\/verstaerkeramt.eu\/wp-content\/uploads\/2016\/11\/P1000722.jpg?resize=300%2C200&amp;ssl=1 300w, https:\/\/i0.wp.com\/verstaerkeramt.eu\/wp-content\/uploads\/2016\/11\/P1000722.jpg?resize=768%2C513&amp;ssl=1 768w, https:\/\/i0.wp.com\/verstaerkeramt.eu\/wp-content\/uploads\/2016\/11\/P1000722.jpg?w=948&amp;ssl=1 948w\" sizes=\"auto, (max-width: 474px) 100vw, 474px\" \/><\/a>\n\t\t\t<\/div><\/figure><figure class='gallery-item'>\n\t\t\t<div class='gallery-icon landscape'>\n\t\t\t\t<a href='https:\/\/verstaerkeramt.eu\/p1000720\/'><img loading=\"lazy\" decoding=\"async\" width=\"1024\" height=\"684\" src=\"https:\/\/i0.wp.com\/verstaerkeramt.eu\/wp-content\/uploads\/2016\/11\/P1000720.jpg?fit=1024%2C684&amp;ssl=1\" class=\"attachment-full size-full\" alt=\"\" srcset=\"https:\/\/i0.wp.com\/verstaerkeramt.eu\/wp-content\/uploads\/2016\/11\/P1000720.jpg?w=1024&amp;ssl=1 1024w, https:\/\/i0.wp.com\/verstaerkeramt.eu\/wp-content\/uploads\/2016\/11\/P1000720.jpg?resize=300%2C200&amp;ssl=1 300w, https:\/\/i0.wp.com\/verstaerkeramt.eu\/wp-content\/uploads\/2016\/11\/P1000720.jpg?resize=768%2C513&amp;ssl=1 768w, https:\/\/i0.wp.com\/verstaerkeramt.eu\/wp-content\/uploads\/2016\/11\/P1000720.jpg?w=948&amp;ssl=1 948w\" sizes=\"auto, (max-width: 474px) 100vw, 474px\" \/><\/a>\n\t\t\t<\/div><\/figure><figure class='gallery-item'>\n\t\t\t<div class='gallery-icon landscape'>\n\t\t\t\t<a href='https:\/\/verstaerkeramt.eu\/p1000718\/'><img loading=\"lazy\" decoding=\"async\" width=\"1024\" height=\"684\" src=\"https:\/\/i0.wp.com\/verstaerkeramt.eu\/wp-content\/uploads\/2016\/11\/P1000718.jpg?fit=1024%2C684&amp;ssl=1\" class=\"attachment-full size-full\" alt=\"\" srcset=\"https:\/\/i0.wp.com\/verstaerkeramt.eu\/wp-content\/uploads\/2016\/11\/P1000718.jpg?w=1024&amp;ssl=1 1024w, https:\/\/i0.wp.com\/verstaerkeramt.eu\/wp-content\/uploads\/2016\/11\/P1000718.jpg?resize=300%2C200&amp;ssl=1 300w, https:\/\/i0.wp.com\/verstaerkeramt.eu\/wp-content\/uploads\/2016\/11\/P1000718.jpg?resize=768%2C513&amp;ssl=1 768w, https:\/\/i0.wp.com\/verstaerkeramt.eu\/wp-content\/uploads\/2016\/11\/P1000718.jpg?w=948&amp;ssl=1 948w\" sizes=\"auto, (max-width: 474px) 100vw, 474px\" \/><\/a>\n\t\t\t<\/div><\/figure><figure class='gallery-item'>\n\t\t\t<div class='gallery-icon landscape'>\n\t\t\t\t<a href='https:\/\/verstaerkeramt.eu\/p1000717\/'><img loading=\"lazy\" decoding=\"async\" width=\"1024\" height=\"684\" src=\"https:\/\/i0.wp.com\/verstaerkeramt.eu\/wp-content\/uploads\/2016\/11\/P1000717.jpg?fit=1024%2C684&amp;ssl=1\" class=\"attachment-full size-full\" alt=\"\" srcset=\"https:\/\/i0.wp.com\/verstaerkeramt.eu\/wp-content\/uploads\/2016\/11\/P1000717.jpg?w=1024&amp;ssl=1 1024w, https:\/\/i0.wp.com\/verstaerkeramt.eu\/wp-content\/uploads\/2016\/11\/P1000717.jpg?resize=300%2C200&amp;ssl=1 300w, https:\/\/i0.wp.com\/verstaerkeramt.eu\/wp-content\/uploads\/2016\/11\/P1000717.jpg?resize=768%2C513&amp;ssl=1 768w, https:\/\/i0.wp.com\/verstaerkeramt.eu\/wp-content\/uploads\/2016\/11\/P1000717.jpg?w=948&amp;ssl=1 948w\" sizes=\"auto, (max-width: 474px) 100vw, 474px\" \/><\/a>\n\t\t\t<\/div><\/figure><figure class='gallery-item'>\n\t\t\t<div class='gallery-icon landscape'>\n\t\t\t\t<a href='https:\/\/verstaerkeramt.eu\/p1000711\/'><img loading=\"lazy\" decoding=\"async\" width=\"1024\" height=\"684\" src=\"https:\/\/i0.wp.com\/verstaerkeramt.eu\/wp-content\/uploads\/2016\/11\/P1000711.jpg?fit=1024%2C684&amp;ssl=1\" class=\"attachment-full size-full\" alt=\"\" srcset=\"https:\/\/i0.wp.com\/verstaerkeramt.eu\/wp-content\/uploads\/2016\/11\/P1000711.jpg?w=1024&amp;ssl=1 1024w, https:\/\/i0.wp.com\/verstaerkeramt.eu\/wp-content\/uploads\/2016\/11\/P1000711.jpg?resize=300%2C200&amp;ssl=1 300w, https:\/\/i0.wp.com\/verstaerkeramt.eu\/wp-content\/uploads\/2016\/11\/P1000711.jpg?resize=768%2C513&amp;ssl=1 768w, https:\/\/i0.wp.com\/verstaerkeramt.eu\/wp-content\/uploads\/2016\/11\/P1000711.jpg?w=948&amp;ssl=1 948w\" sizes=\"auto, (max-width: 474px) 100vw, 474px\" \/><\/a>\n\t\t\t<\/div><\/figure><figure class='gallery-item'>\n\t\t\t<div class='gallery-icon landscape'>\n\t\t\t\t<a href='https:\/\/verstaerkeramt.eu\/p1000715\/'><img loading=\"lazy\" decoding=\"async\" width=\"1024\" height=\"684\" src=\"https:\/\/i0.wp.com\/verstaerkeramt.eu\/wp-content\/uploads\/2016\/11\/P1000715.jpg?fit=1024%2C684&amp;ssl=1\" class=\"attachment-full size-full\" alt=\"\" srcset=\"https:\/\/i0.wp.com\/verstaerkeramt.eu\/wp-content\/uploads\/2016\/11\/P1000715.jpg?w=1024&amp;ssl=1 1024w, https:\/\/i0.wp.com\/verstaerkeramt.eu\/wp-content\/uploads\/2016\/11\/P1000715.jpg?resize=300%2C200&amp;ssl=1 300w, https:\/\/i0.wp.com\/verstaerkeramt.eu\/wp-content\/uploads\/2016\/11\/P1000715.jpg?resize=768%2C513&amp;ssl=1 768w, https:\/\/i0.wp.com\/verstaerkeramt.eu\/wp-content\/uploads\/2016\/11\/P1000715.jpg?w=948&amp;ssl=1 948w\" sizes=\"auto, (max-width: 474px) 100vw, 474px\" \/><\/a>\n\t\t\t<\/div><\/figure><figure class='gallery-item'>\n\t\t\t<div class='gallery-icon landscape'>\n\t\t\t\t<a href='https:\/\/verstaerkeramt.eu\/p1000713\/'><img loading=\"lazy\" decoding=\"async\" width=\"1024\" height=\"684\" src=\"https:\/\/i0.wp.com\/verstaerkeramt.eu\/wp-content\/uploads\/2016\/11\/P1000713.jpg?fit=1024%2C684&amp;ssl=1\" class=\"attachment-full size-full\" alt=\"\" srcset=\"https:\/\/i0.wp.com\/verstaerkeramt.eu\/wp-content\/uploads\/2016\/11\/P1000713.jpg?w=1024&amp;ssl=1 1024w, https:\/\/i0.wp.com\/verstaerkeramt.eu\/wp-content\/uploads\/2016\/11\/P1000713.jpg?resize=300%2C200&amp;ssl=1 300w, https:\/\/i0.wp.com\/verstaerkeramt.eu\/wp-content\/uploads\/2016\/11\/P1000713.jpg?resize=768%2C513&amp;ssl=1 768w, https:\/\/i0.wp.com\/verstaerkeramt.eu\/wp-content\/uploads\/2016\/11\/P1000713.jpg?w=948&amp;ssl=1 948w\" sizes=\"auto, (max-width: 474px) 100vw, 474px\" \/><\/a>\n\t\t\t<\/div><\/figure><figure class='gallery-item'>\n\t\t\t<div class='gallery-icon landscape'>\n\t\t\t\t<a href='https:\/\/verstaerkeramt.eu\/p1000712\/'><img loading=\"lazy\" decoding=\"async\" width=\"1024\" height=\"684\" src=\"https:\/\/i0.wp.com\/verstaerkeramt.eu\/wp-content\/uploads\/2016\/11\/P1000712.jpg?fit=1024%2C684&amp;ssl=1\" class=\"attachment-full size-full\" alt=\"\" srcset=\"https:\/\/i0.wp.com\/verstaerkeramt.eu\/wp-content\/uploads\/2016\/11\/P1000712.jpg?w=1024&amp;ssl=1 1024w, https:\/\/i0.wp.com\/verstaerkeramt.eu\/wp-content\/uploads\/2016\/11\/P1000712.jpg?resize=300%2C200&amp;ssl=1 300w, https:\/\/i0.wp.com\/verstaerkeramt.eu\/wp-content\/uploads\/2016\/11\/P1000712.jpg?resize=768%2C513&amp;ssl=1 768w, https:\/\/i0.wp.com\/verstaerkeramt.eu\/wp-content\/uploads\/2016\/11\/P1000712.jpg?w=948&amp;ssl=1 948w\" sizes=\"auto, (max-width: 474px) 100vw, 474px\" \/><\/a>\n\t\t\t<\/div><\/figure><figure class='gallery-item'>\n\t\t\t<div class='gallery-icon portrait'>\n\t\t\t\t<a href='https:\/\/verstaerkeramt.eu\/p1000725\/'><img loading=\"lazy\" decoding=\"async\" width=\"513\" height=\"768\" src=\"https:\/\/i0.wp.com\/verstaerkeramt.eu\/wp-content\/uploads\/2016\/11\/P1000725.jpg?fit=513%2C768&amp;ssl=1\" class=\"attachment-full size-full\" alt=\"\" srcset=\"https:\/\/i0.wp.com\/verstaerkeramt.eu\/wp-content\/uploads\/2016\/11\/P1000725.jpg?w=513&amp;ssl=1 513w, https:\/\/i0.wp.com\/verstaerkeramt.eu\/wp-content\/uploads\/2016\/11\/P1000725.jpg?resize=200%2C300&amp;ssl=1 200w\" sizes=\"auto, (max-width: 474px) 100vw, 474px\" \/><\/a>\n\t\t\t<\/div><\/figure><figure class='gallery-item'>\n\t\t\t<div class='gallery-icon portrait'>\n\t\t\t\t<a href='https:\/\/verstaerkeramt.eu\/p1000714\/'><img loading=\"lazy\" decoding=\"async\" width=\"513\" height=\"768\" src=\"https:\/\/i0.wp.com\/verstaerkeramt.eu\/wp-content\/uploads\/2016\/11\/P1000714.jpg?fit=513%2C768&amp;ssl=1\" class=\"attachment-full size-full\" alt=\"\" srcset=\"https:\/\/i0.wp.com\/verstaerkeramt.eu\/wp-content\/uploads\/2016\/11\/P1000714.jpg?w=513&amp;ssl=1 513w, https:\/\/i0.wp.com\/verstaerkeramt.eu\/wp-content\/uploads\/2016\/11\/P1000714.jpg?resize=200%2C300&amp;ssl=1 200w\" sizes=\"auto, (max-width: 474px) 100vw, 474px\" \/><\/a>\n\t\t\t<\/div><\/figure><figure class='gallery-item'>\n\t\t\t<div class='gallery-icon portrait'>\n\t\t\t\t<a href='https:\/\/verstaerkeramt.eu\/p1000716\/'><img loading=\"lazy\" decoding=\"async\" width=\"513\" height=\"768\" src=\"https:\/\/i0.wp.com\/verstaerkeramt.eu\/wp-content\/uploads\/2016\/11\/P1000716.jpg?fit=513%2C768&amp;ssl=1\" class=\"attachment-full size-full\" alt=\"\" srcset=\"https:\/\/i0.wp.com\/verstaerkeramt.eu\/wp-content\/uploads\/2016\/11\/P1000716.jpg?w=513&amp;ssl=1 513w, https:\/\/i0.wp.com\/verstaerkeramt.eu\/wp-content\/uploads\/2016\/11\/P1000716.jpg?resize=200%2C300&amp;ssl=1 200w\" sizes=\"auto, (max-width: 474px) 100vw, 474px\" \/><\/a>\n\t\t\t<\/div><\/figure><figure class='gallery-item'>\n\t\t\t<div class='gallery-icon portrait'>\n\t\t\t\t<a href='https:\/\/verstaerkeramt.eu\/p1000721\/'><img loading=\"lazy\" decoding=\"async\" width=\"513\" height=\"768\" src=\"https:\/\/i0.wp.com\/verstaerkeramt.eu\/wp-content\/uploads\/2016\/11\/P1000721.jpg?fit=513%2C768&amp;ssl=1\" class=\"attachment-full size-full\" alt=\"\" srcset=\"https:\/\/i0.wp.com\/verstaerkeramt.eu\/wp-content\/uploads\/2016\/11\/P1000721.jpg?w=513&amp;ssl=1 513w, https:\/\/i0.wp.com\/verstaerkeramt.eu\/wp-content\/uploads\/2016\/11\/P1000721.jpg?resize=200%2C300&amp;ssl=1 200w\" sizes=\"auto, (max-width: 474px) 100vw, 474px\" \/><\/a>\n\t\t\t<\/div><\/figure>\n\t\t<\/div>\n\n","protected":false},"excerpt":{"rendered":"<p>Wir haben im Seniorenheim Haus Maria Regina eine Ausstellung unter dem Motto &#8221; Du da, im Radio &#8211; Schellack-Sch\u00e4tzchen und mehr &#8221; Alle Interessierten sind sehr herzlich ab dem 13. November 2016 ab 14.00 Uhr in das Haus Maria Regina in Diestedde eingeladen. In diesem Jahr steht der Caf\u00e9sonntag unter dem Motto \u201eDu da im &hellip; <a href=\"https:\/\/verstaerkeramt.eu\/ausstellung-im-seniorenheim-haus-maria-regina-wadersloh-diestedde\/\" class=\"more-link\"><span class=\"screen-reader-text\">Ausstellung im Seniorenheim  Haus Maria Regina , Wadersloh-Diestedde<\/span> weiterlesen <span class=\"meta-nav\">&rarr;<\/span><\/a><\/p>\n","protected":false},"author":2,"featured_media":0,"parent":0,"menu_order":0,"comment_status":"closed","ping_status":"closed","template":"","meta":{"footnotes":""},"class_list":["post-1712","page","type-page","status-publish","hentry"],"jetpack_sharing_enabled":true,"_links":{"self":[{"href":"https:\/\/verstaerkeramt.eu\/wp-json\/wp\/v2\/pages\/1712","targetHints":{"allow":["GET"]}}],"collection":[{"href":"https:\/\/verstaerkeramt.eu\/wp-json\/wp\/v2\/pages"}],"about":[{"href":"https:\/\/verstaerkeramt.eu\/wp-json\/wp\/v2\/types\/page"}],"author":[{"embeddable":true,"href":"https:\/\/verstaerkeramt.eu\/wp-json\/wp\/v2\/users\/2"}],"replies":[{"embeddable":true,"href":"https:\/\/verstaerkeramt.eu\/wp-json\/wp\/v2\/comments?post=1712"}],"version-history":[{"count":0,"href":"https:\/\/verstaerkeramt.eu\/wp-json\/wp\/v2\/pages\/1712\/revisions"}],"wp:attachment":[{"href":"https:\/\/verstaerkeramt.eu\/wp-json\/wp\/v2\/media?parent=1712"}],"curies":[{"name":"wp","href":"https:\/\/api.w.org\/{rel}","templated":true}]}}