{"id":168,"date":"2014-01-18T22:35:28","date_gmt":"2014-01-18T20:35:28","guid":{"rendered":"http:\/\/rtm.dnsalias.net\/?page_id=168"},"modified":"2014-01-18T22:35:28","modified_gmt":"2014-01-18T20:35:28","slug":"telefonanlage-2007","status":"publish","type":"page","link":"https:\/\/verstaerkeramt.eu\/projekte\/telefonanlage-2007\/","title":{"rendered":"Telefonanlage 2007"},"content":{"rendered":"<h2>Modellanlage einer Telefon-Vermittlung<\/h2>\n<p><a href=\"https:\/\/i0.wp.com\/alt.verstaerkeramt.eu\/wp-content\/uploads\/2014\/01\/a_Tel.jpg\"><img data-recalc-dims=\"1\" loading=\"lazy\" decoding=\"async\" class=\"size-medium wp-image-179 alignright\" alt=\"a_Tel\" src=\"https:\/\/i0.wp.com\/alt.verstaerkeramt.eu\/wp-content\/uploads\/2014\/01\/a_Tel-300x260.jpg?resize=300%2C260\" width=\"300\" height=\"260\" srcset=\"https:\/\/i0.wp.com\/verstaerkeramt.eu\/wp-content\/uploads\/2014\/01\/a_Tel.jpg?resize=300%2C260&amp;ssl=1 300w, https:\/\/i0.wp.com\/verstaerkeramt.eu\/wp-content\/uploads\/2014\/01\/a_Tel.jpg?w=450&amp;ssl=1 450w\" sizes=\"auto, (max-width: 300px) 100vw, 300px\" \/><\/a>Es war mal wieder soweit, Arbeit musste erledigt werden. Wir haben ein Telefon-Vermittlungs-Modell bekommen, nicht funktionst\u00fcchtig, aber in gutem Zustand. F\u00fcr unsere Telefon begeisterten Mitglieder Manfred Seidel und Peter Carstensen ist es nat\u00fcrlich eine willkommene Herausforderung, diese Anlage wieder instand zu setzen.<\/p>\n<p>&nbsp;<\/p>\n<p>&nbsp;<\/p>\n<p><span style=\"line-height: 1.5;\"><a href=\"https:\/\/i0.wp.com\/alt.verstaerkeramt.eu\/wp-content\/uploads\/2014\/01\/a_Tel_1.jpg\"><img data-recalc-dims=\"1\" loading=\"lazy\" decoding=\"async\" class=\"size-medium wp-image-180 alignleft\" alt=\"a_Tel_1\" src=\"https:\/\/i0.wp.com\/alt.verstaerkeramt.eu\/wp-content\/uploads\/2014\/01\/a_Tel_1-238x300.jpg?resize=238%2C300\" width=\"238\" height=\"300\" srcset=\"https:\/\/i0.wp.com\/verstaerkeramt.eu\/wp-content\/uploads\/2014\/01\/a_Tel_1.jpg?resize=238%2C300&amp;ssl=1 238w, https:\/\/i0.wp.com\/verstaerkeramt.eu\/wp-content\/uploads\/2014\/01\/a_Tel_1.jpg?w=450&amp;ssl=1 450w\" sizes=\"auto, (max-width: 238px) 100vw, 238px\" \/><\/a>Hier sind die beiden konzentriert bei der Verdrahtung der montierten Baugruppen, alles muss stimmen, damit die Anlage ein sinnvolles Zusammenspiel der einzelnen Komponenten erm\u00f6glicht. Den Schraubenzieher f\u00fchrt Manfred Seidel.<\/span><\/p>\n<p>&nbsp;<\/p>\n<p>&nbsp;<\/p>\n<p>&nbsp;<\/p>\n<p>&nbsp;<\/p>\n<p><a style=\"color: #41a62a; outline: #000000;\" href=\"https:\/\/i0.wp.com\/alt.verstaerkeramt.eu\/wp-content\/uploads\/2014\/01\/a_Tel_2.jpg\"><img data-recalc-dims=\"1\" loading=\"lazy\" decoding=\"async\" class=\"size-medium wp-image-181 alignright\" alt=\"a_Tel_2\" src=\"https:\/\/i0.wp.com\/alt.verstaerkeramt.eu\/wp-content\/uploads\/2014\/01\/a_Tel_2-300x237.jpg?resize=300%2C237\" width=\"300\" height=\"237\" srcset=\"https:\/\/i0.wp.com\/verstaerkeramt.eu\/wp-content\/uploads\/2014\/01\/a_Tel_2.jpg?resize=300%2C237&amp;ssl=1 300w, https:\/\/i0.wp.com\/verstaerkeramt.eu\/wp-content\/uploads\/2014\/01\/a_Tel_2.jpg?w=450&amp;ssl=1 450w\" sizes=\"auto, (max-width: 300px) 100vw, 300px\" \/><\/a><\/p>\n<p>Die ersten Testl\u00e4ufe werden unternommen, die Drehscheibe des Telefons wird in Aktion gesetzt, magische Zahlenkombinationen werden von Peter benutzt, die Spannung w\u00e4chst. Nacheinander leuchten die Kontrolllampen auf der Grundplatte auf. Das Summen des Motors, die Bewegungen der Drehhebw\u00e4hler und Gruppenw\u00e4hler werden genau beobachtet. Funktioniert alles? Klingeling, Klingeling, oh Wunder der Technik, das zweite Telefon klingelt. Toll, die Grundfunktionen scheinen in Ordnung zu sein.<\/p>\n<p>&nbsp;<\/p>\n<p>&nbsp;<\/p>\n<p><a href=\"https:\/\/i0.wp.com\/alt.verstaerkeramt.eu\/wp-content\/uploads\/2014\/01\/a_Tel_3.jpg\"><img data-recalc-dims=\"1\" loading=\"lazy\" decoding=\"async\" class=\"alignleft size-medium wp-image-182\" alt=\"a_Tel_3\" src=\"https:\/\/i0.wp.com\/alt.verstaerkeramt.eu\/wp-content\/uploads\/2014\/01\/a_Tel_3-300x252.jpg?resize=300%2C252\" width=\"300\" height=\"252\" srcset=\"https:\/\/i0.wp.com\/verstaerkeramt.eu\/wp-content\/uploads\/2014\/01\/a_Tel_3.jpg?resize=300%2C252&amp;ssl=1 300w, https:\/\/i0.wp.com\/verstaerkeramt.eu\/wp-content\/uploads\/2014\/01\/a_Tel_3.jpg?w=450&amp;ssl=1 450w\" sizes=\"auto, (max-width: 300px) 100vw, 300px\" \/><\/a>Peter hat noch eine Kleinigkeit gefunden, so leicht ist er aber auch nicht zufrieden zu stellen. Die Anlage soll perfekt laufen und schnurren wie ein K\u00e4tzchen. Da muss noch ein Kontakt ausgetauscht werden, um diesen Zustand zu erreichen. Wenn schon, denn schon.<\/p>\n","protected":false},"excerpt":{"rendered":"<p>Modellanlage einer Telefon-Vermittlung Es war mal wieder soweit, Arbeit musste erledigt werden. Wir haben ein Telefon-Vermittlungs-Modell bekommen, nicht funktionst\u00fcchtig, aber in gutem Zustand. F\u00fcr unsere Telefon begeisterten Mitglieder Manfred Seidel und Peter Carstensen ist es nat\u00fcrlich eine willkommene Herausforderung, diese Anlage wieder instand zu setzen. &nbsp; &nbsp; Hier sind die beiden konzentriert bei der Verdrahtung &hellip; <a href=\"https:\/\/verstaerkeramt.eu\/projekte\/telefonanlage-2007\/\" class=\"more-link\"><span class=\"screen-reader-text\">Telefonanlage 2007<\/span> weiterlesen <span class=\"meta-nav\">&rarr;<\/span><\/a><\/p>\n","protected":false},"author":2,"featured_media":0,"parent":132,"menu_order":0,"comment_status":"closed","ping_status":"open","template":"","meta":{"footnotes":""},"class_list":["post-168","page","type-page","status-publish","hentry"],"jetpack_sharing_enabled":true,"_links":{"self":[{"href":"https:\/\/verstaerkeramt.eu\/wp-json\/wp\/v2\/pages\/168","targetHints":{"allow":["GET"]}}],"collection":[{"href":"https:\/\/verstaerkeramt.eu\/wp-json\/wp\/v2\/pages"}],"about":[{"href":"https:\/\/verstaerkeramt.eu\/wp-json\/wp\/v2\/types\/page"}],"author":[{"embeddable":true,"href":"https:\/\/verstaerkeramt.eu\/wp-json\/wp\/v2\/users\/2"}],"replies":[{"embeddable":true,"href":"https:\/\/verstaerkeramt.eu\/wp-json\/wp\/v2\/comments?post=168"}],"version-history":[{"count":0,"href":"https:\/\/verstaerkeramt.eu\/wp-json\/wp\/v2\/pages\/168\/revisions"}],"up":[{"embeddable":true,"href":"https:\/\/verstaerkeramt.eu\/wp-json\/wp\/v2\/pages\/132"}],"wp:attachment":[{"href":"https:\/\/verstaerkeramt.eu\/wp-json\/wp\/v2\/media?parent=168"}],"curies":[{"name":"wp","href":"https:\/\/api.w.org\/{rel}","templated":true}]}}