{"id":130,"date":"2014-01-18T21:58:17","date_gmt":"2014-01-18T19:58:17","guid":{"rendered":"http:\/\/rtm.dnsalias.net\/?page_id=130"},"modified":"2022-12-30T10:56:27","modified_gmt":"2022-12-30T09:56:27","slug":"videoaudio","status":"publish","type":"page","link":"https:\/\/verstaerkeramt.eu\/videoaudio\/","title":{"rendered":"Videos \u00fcber das Museum"},"content":{"rendered":"<p><strong>Schutz der zivilen Infrastruktur, am Beispiel der Notstromversorgung vor 50 Jahren.<\/strong><br \/>\n<iframe loading=\"lazy\" src=\"https:\/\/www.youtube.com\/embed\/gAaVulG-sq4\" width=\"516\" height=\"315\" frameborder=\"0\" allowfullscreen=\"allowfullscreen\"><\/iframe><\/p>\n<p>&nbsp;<\/p>\n<p>Kanal21-TV\u00a0 aus Bielefeld war bei uns im Museum und hat ein Video erstellt:<\/p>\n<p><iframe loading=\"lazy\" title=\"Kanal 21 - Das Radio  und Telefonmuseum im Verst\u00e4rkeramt in Rheda-Wiedenbr\u00fcck\" width=\"474\" height=\"267\" src=\"https:\/\/www.youtube.com\/embed\/PNRd9NGevB8?feature=oembed\" frameborder=\"0\" allow=\"accelerometer; autoplay; clipboard-write; encrypted-media; gyroscope; picture-in-picture; web-share\" referrerpolicy=\"strict-origin-when-cross-origin\" allowfullscreen><\/iframe><\/p>\n<p><iframe loading=\"lazy\" src=\"https:\/\/player.vimeo.com\/video\/204183125\" width=\"516\" height=\"315\" frameborder=\"0\" allowfullscreen=\"allowfullscreen\"><\/iframe><\/p>\n<p><a href=\"https:\/\/vimeo.com\/204183125\">Tischgrammophon von ca. 1912<\/a> from <a href=\"https:\/\/vimeo.com\/user204183125\">PMR Werbeagentur<\/a> on <a href=\"https:\/\/vimeo.com\">Vimeo<\/a>.<\/p>\n<p><iframe loading=\"lazy\" src=\"https:\/\/player.vimeo.com\/video\/193361310\" width=\"516\" height=\"315\" frameborder=\"0\" allowfullscreen=\"allowfullscreen\"><\/iframe><\/p>\n<p><a href=\"https:\/\/vimeo.com\/193361310\">Walzenphonograph von 1905<\/a> from <a href=\"https:\/\/vimeo.com\/user8061281\">PMR Werbeagentur<\/a> on <a href=\"https:\/\/vimeo.com\">Vimeo<\/a>.<\/p>\n<p>&nbsp;<\/p>\n<p>&nbsp;<\/p>\n<audio class=\"wp-audio-shortcode\" id=\"audio-130-1\" preload=\"none\" style=\"width: 100%;\" controls=\"controls\"><source type=\"audio\/mpeg\" src=\"http:\/\/alt.verstaerkeramt.eu\/wp-content\/uploads\/2014\/01\/2016_06_18_rtm_in_wdr5.mp3?_=1\" \/><a href=\"http:\/\/alt.verstaerkeramt.eu\/wp-content\/uploads\/2014\/01\/2016_06_18_rtm_in_wdr5.mp3\">http:\/\/alt.verstaerkeramt.eu\/wp-content\/uploads\/2014\/01\/2016_06_18_rtm_in_wdr5.mp3<\/a><\/audio>\n<p>Der WDR 5 brachte am 18.06.2016 einen Beitrag \u00fcber uns.<\/p>\n<p>&nbsp;<\/p>\n<h2><\/h2>\n<p><iframe loading=\"lazy\" src=\"https:\/\/www.youtube.com\/embed\/OaGnxktUTbk\" width=\"516\" height=\"315\" frameborder=\"0\" allowfullscreen=\"allowfullscreen\"><\/iframe><br \/>\n<strong>Flug \u00fcbers Verst\u00e4rkeramt vom 09.11.2015<\/strong><\/p>\n<p><iframe loading=\"lazy\" src=\"\/\/www.youtube.com\/embed\/d9VabjZOEvY?rel=0\" width=\"516\" height=\"315\" frameborder=\"0\" allowfullscreen=\"allowfullscreen\"><\/iframe><br \/>\n<strong>Beitrag des WDR Lokalzeit vom 25.02.2014<\/strong><\/p>\n<p>&nbsp;<\/p>\n<p><iframe loading=\"lazy\" id=\"g\u00fcterslohtv\" style=\"width: 327px; height: 183px; overflow: hidden;\" src=\"http:\/\/www.gueterslohtv.de\/Videoausgabe_sm.html?id=1523\" width=\"516\" height=\"315\" frameborder=\"no\" scrolling=\"no\"><\/iframe><br \/>\n<a href=\"http:\/\/www.gueterslohtv.de\/?videoid=1523#\" target=\"_blank\" rel=\"noopener\">G\u00fctersloh TV pr\u00e4sentiert eine Reportage von Norman Osthus, aufgenommen am 21. Mai 2013. (F\u00fcr ein Gro\u00dfbild bitte Doppelklick)<\/a><\/p>\n<p><a href=\"http:\/\/www.normcast.de\/extern\/normcast_167_ausschnitt_rtm.mp3\" target=\"_blank\" rel=\"noopener\">Interview von Norman Osthus aus G\u00fctersloh im Juni 2010, mit Richard K\u00fcgeler und Peter Carstensen im RTM.<\/a><\/p>\n<p><iframe loading=\"lazy\" src=\"\/\/www.youtube.com\/embed\/f-B4FqIiJFU?rel=0\" width=\"516\" height=\"315\" frameborder=\"0\" allowfullscreen=\"allowfullscreen\"><\/iframe><br \/>\n<a href=\"http:\/\/www.youtube.com\/watch?v=f-B4FqIiJFU\" target=\"_blank\" rel=\"noopener\">Alter Fernschreiber mit Lochstreifenleser von Siemens in Aktion, Privatfilm von PC-Exorzist hochgeladen bei Youtube am 21. Februar 2012.<\/a><\/p>\n","protected":false},"excerpt":{"rendered":"<p>Schutz der zivilen Infrastruktur, am Beispiel der Notstromversorgung vor 50 Jahren. &nbsp; Kanal21-TV\u00a0 aus Bielefeld war bei uns im Museum und hat ein Video erstellt: Tischgrammophon von ca. 1912 from PMR Werbeagentur on Vimeo. Walzenphonograph von 1905 from PMR Werbeagentur on Vimeo. &nbsp; &nbsp; Der WDR 5 brachte am 18.06.2016 einen Beitrag \u00fcber uns. &nbsp; &hellip; <a href=\"https:\/\/verstaerkeramt.eu\/videoaudio\/\" class=\"more-link\"><span class=\"screen-reader-text\">Videos \u00fcber das Museum<\/span> weiterlesen <span class=\"meta-nav\">&rarr;<\/span><\/a><\/p>\n","protected":false},"author":2,"featured_media":0,"parent":0,"menu_order":97,"comment_status":"closed","ping_status":"open","template":"","meta":{"footnotes":""},"class_list":["post-130","page","type-page","status-publish","hentry"],"jetpack_sharing_enabled":true,"_links":{"self":[{"href":"https:\/\/verstaerkeramt.eu\/wp-json\/wp\/v2\/pages\/130","targetHints":{"allow":["GET"]}}],"collection":[{"href":"https:\/\/verstaerkeramt.eu\/wp-json\/wp\/v2\/pages"}],"about":[{"href":"https:\/\/verstaerkeramt.eu\/wp-json\/wp\/v2\/types\/page"}],"author":[{"embeddable":true,"href":"https:\/\/verstaerkeramt.eu\/wp-json\/wp\/v2\/users\/2"}],"replies":[{"embeddable":true,"href":"https:\/\/verstaerkeramt.eu\/wp-json\/wp\/v2\/comments?post=130"}],"version-history":[{"count":0,"href":"https:\/\/verstaerkeramt.eu\/wp-json\/wp\/v2\/pages\/130\/revisions"}],"wp:attachment":[{"href":"https:\/\/verstaerkeramt.eu\/wp-json\/wp\/v2\/media?parent=130"}],"curies":[{"name":"wp","href":"https:\/\/api.w.org\/{rel}","templated":true}]}}