{"id":13,"date":"2014-01-17T21:37:40","date_gmt":"2014-01-17T19:37:40","guid":{"rendered":"http:\/\/rtm.dnsalias.net\/?page_id=13"},"modified":"2024-08-05T10:15:34","modified_gmt":"2024-08-05T08:15:34","slug":"das-radio","status":"publish","type":"page","link":"https:\/\/verstaerkeramt.eu\/geschichte\/das-radio\/","title":{"rendered":"Das  Radio"},"content":{"rendered":"<h2><span style=\"line-height: 1.5;\">1923<\/span><\/h2>\n<figure id=\"attachment_72\" aria-describedby=\"caption-attachment-72\" style=\"width: 164px\" class=\"wp-caption alignright\"><a href=\"https:\/\/i0.wp.com\/verstaerkeramt.eu\/wp-content\/uploads\/2014\/01\/a_SchneiderOpel.jpg\"><img data-recalc-dims=\"1\" loading=\"lazy\" decoding=\"async\" class=\"size-full wp-image-72\" alt=\"Schneider Opel\" src=\"https:\/\/i0.wp.com\/verstaerkeramt.eu\/wp-content\/uploads\/2014\/01\/a_SchneiderOpel.jpg?resize=164%2C235\" width=\"164\" height=\"235\" \/><\/a><figcaption id=\"caption-attachment-72\" class=\"wp-caption-text\">Schneider Opel<\/figcaption><\/figure>\n<p>Deutschlands erster Rundfunksender, Radio Berlin, strahlte am 29. Oktober abends um 20 Uhr die erste offizielle Rundfunksendung aus. \u201dAchtung, Achtung, hier ist Berlin auf Welle 400 Meter. Meine Damen und Herren, wir machen Ihnen davon Mitteilung, dass am heutigen Tage der Unterhaltungs-Rundfunkdienst mit Verbreitung von Musikvorf\u00fchrungen auf drahtlos-telefonischem Wege beginnt. Die Benutzung ist genehmigungspflichtig\u201d. So ert\u00f6nte die erste Ansage aus dem Vox-Haus-Studio. Das einst\u00fcndige Programm schloss mit dem Deutschlandlied. es folgte die Absage: \u201cWir w\u00fcnschen Ihnen eine gute Nacht! Vergessen Sie bitte nicht die Antenne zu erden!\u201d Damit war der Grundstein f\u00fcr regelm\u00e4\u00dfigen Rundfunk gelegt. Am 31.12.1923 gab es ca.500 Rundfunkgenehmigungen zum Betreiben eines Rundfunkger\u00e4tes, dazu kamen noch reichlich Schwarzh\u00f6rer die es auch schon damals gab.<\/p>\n<h2>1924<\/h2>\n<figure id=\"attachment_74\" aria-describedby=\"caption-attachment-74\" style=\"width: 200px\" class=\"wp-caption alignright\"><a href=\"https:\/\/i0.wp.com\/verstaerkeramt.eu\/wp-content\/uploads\/2014\/01\/a_Spulen.jpg\"><img data-recalc-dims=\"1\" loading=\"lazy\" decoding=\"async\" class=\"size-full wp-image-74\" alt=\"Spulen\" src=\"https:\/\/i0.wp.com\/verstaerkeramt.eu\/wp-content\/uploads\/2014\/01\/a_Spulen.jpg?resize=200%2C317\" width=\"200\" height=\"317\" srcset=\"https:\/\/i0.wp.com\/verstaerkeramt.eu\/wp-content\/uploads\/2014\/01\/a_Spulen.jpg?w=200&amp;ssl=1 200w, https:\/\/i0.wp.com\/verstaerkeramt.eu\/wp-content\/uploads\/2014\/01\/a_Spulen.jpg?resize=189%2C300&amp;ssl=1 189w\" sizes=\"auto, (max-width: 200px) 100vw, 200px\" \/><\/a><figcaption id=\"caption-attachment-74\" class=\"wp-caption-text\">Spulen<\/figcaption><\/figure>\n<p>Auf \u00f6ffentlichen Druck der in Deutschland \u00fcberall neu gegr\u00fcndeten Radio-Vereine f\u00fchrte die Reichspost im Mai 1924 die \u201cAudion-Versuchserlaubnis\u201d ein, die den Betrieb selbstgebauter R\u00f6hrenempfangsger\u00e4te gestattet. Die Radio-Vereine boten daraufhin Lehrg\u00e4nge an, in denen die n\u00f6tigen Kenntnisse erworben werden konnten. Die Pr\u00fcfungen fanden unter Mitwirkung der Post statt. Im Laufe des Jahres 1924 wurden 8 weitere Bezirksgesellschaften zugelassen, die nach dem Berliner Vorbild ihre Arbeit aufnahmen. Das Radioprogramm wurde um Wetter- und B\u00f6rsenberichte erweitert; hinzu kam die erste Presseschau sowie die erste Au\u00dfen\u00fcbertragung, n\u00e4mlich die Begr\u00fc\u00dfung des Zeppelin ZR III bei einem Probeflug \u00fcber Stuttgart. Sehr wichtig war auch die 1. \u201cGro\u00dfe Deutsche Funkausstellung\u201d in Berlin die in der Zeit vom 4.-14.Dezember 1924 stattfand. Am 31.12.1924 gab es ca. 549000 Rundfunkgenehmigungen.<\/p>\n<h2>1925<\/h2>\n<figure id=\"attachment_75\" aria-describedby=\"caption-attachment-75\" style=\"width: 170px\" class=\"wp-caption alignright\"><a href=\"https:\/\/i0.wp.com\/verstaerkeramt.eu\/wp-content\/uploads\/2014\/01\/a_Detektor.jpg\"><img data-recalc-dims=\"1\" loading=\"lazy\" decoding=\"async\" class=\"size-full wp-image-75\" alt=\"Detektor\" src=\"https:\/\/i0.wp.com\/verstaerkeramt.eu\/wp-content\/uploads\/2014\/01\/a_Detektor.jpg?resize=170%2C283\" width=\"170\" height=\"283\" \/><\/a><figcaption id=\"caption-attachment-75\" class=\"wp-caption-text\">Detektor<\/figcaption><\/figure>\n<p>Die Reichspost verzichtete am 01. Januar 1925 auf die Stempelpflicht der Rundfunkger\u00e4te, sowie auf die Beschr\u00e4nkung der Wellenbereiche. Jetzt konnten auch begabte Bastler Eigenbauger\u00e4te offiziell fertigen. Der Detektorempf\u00e4nger war das Einstiegsger\u00e4t f\u00fcr den schmalen Geldbeutel. Wer mehr ausgeben konnte, leistete sich ein leistungsf\u00e4higes R\u00f6hrenger\u00e4t. Dazu wurde ein Heiz-Akkumulator und eine Anodenbatterie ben\u00f6tigt. Im Juli 1925 betrug die Mitgliederzahl der Radiovereine \u00fcber 50000. Diese Vereine setzen sich vehement f\u00fcr die Abschaffung der \u201cAudion-Versuchserlaubnis\u201d ein. Auf diese Erlaubnis, die im Ausland als \u201ctypisch Deutsch\u201d verlacht wurde, verzichtete die Reichspost ab dem 1. September 1925. In der Zeit vom 04.-13. September fand die 2. \u201cGro\u00dfe Deutsche Funkausstellung\u201d in Berlin statt. Telefunken stellte Sparr\u00f6hren mit Thoriumkathoden vor. Am 31. Dezember 1925 gab es schon \u00fcber 1 Million Rundfunkgenehmigungen.<\/p>\n<h2>1926<\/h2>\n<figure id=\"attachment_77\" aria-describedby=\"caption-attachment-77\" style=\"width: 154px\" class=\"wp-caption alignright\"><a href=\"https:\/\/i0.wp.com\/verstaerkeramt.eu\/wp-content\/uploads\/2014\/01\/a_3NFW1.jpg\"><img data-recalc-dims=\"1\" loading=\"lazy\" decoding=\"async\" class=\"size-full wp-image-77\" alt=\"3NFW1\" src=\"https:\/\/i0.wp.com\/verstaerkeramt.eu\/wp-content\/uploads\/2014\/01\/a_3NFW1.jpg?resize=154%2C360\" width=\"154\" height=\"360\" srcset=\"https:\/\/i0.wp.com\/verstaerkeramt.eu\/wp-content\/uploads\/2014\/01\/a_3NFW1.jpg?w=154&amp;ssl=1 154w, https:\/\/i0.wp.com\/verstaerkeramt.eu\/wp-content\/uploads\/2014\/01\/a_3NFW1.jpg?resize=128%2C300&amp;ssl=1 128w\" sizes=\"auto, (max-width: 154px) 100vw, 154px\" \/><\/a><figcaption id=\"caption-attachment-77\" class=\"wp-caption-text\">3NFW1<\/figcaption><\/figure>\n<p>Firma Loewe fertigte den Loewe Orts-Rundfunkempf\u00e4nger OE333 mit Mehrfachr\u00f6hre 3NFB. Entwickelt wurde die Mehrfachverst\u00e4rkerr\u00f6hre von Manfred von Ardenne. Dieser hatte schon 1923, als F\u00fcnfzehnj\u00e4hriger, das erste Patent f\u00fcr diese Art von R\u00f6hren angemeldet. In dieser R\u00f6hre befindet sich eine Dreistufenverst\u00e4rkerschaltung. Der Vorteil liegt in der Einsparung von 2 Glaskolben. Dieser R\u00f6hrentyp gilt als erster integrierter Schaltkreis weltweit. In der Zeit vom 3.-12. September fand in Berlin die 3. \u201cGro\u00dfe Deutsche Funkausstellung\u201d statt. Am ersten Tag dieser Funkausstellung wurde der Funkturm eingeweiht. Telefunken stellte die Arcolette vor. Es wurden immer mehr R\u00f6hrenger\u00e4te mit Lautsprechern verkauft, die Detektorger\u00e4te mit Kopfh\u00f6rer wurden langsam verdr\u00e4ngt. In der N\u00e4he von K\u00f6nigswusterhausen, in Zeesen, wurde mit dem Bau einer gro\u00dfen Funkstation begonnen. Karl Daniel unternahm erste Versuche mit Schallb\u00e4ndern, die wesentlich sp\u00e4ter in den Ger\u00e4ten Teficord und Tefiphon eine Anwendung fanden.<\/p>\n<h2>1927<\/h2>\n<figure id=\"attachment_78\" aria-describedby=\"caption-attachment-78\" style=\"width: 250px\" class=\"wp-caption alignright\"><a href=\"https:\/\/i0.wp.com\/verstaerkeramt.eu\/wp-content\/uploads\/2014\/01\/a_Eigenbau.gif\"><img data-recalc-dims=\"1\" loading=\"lazy\" decoding=\"async\" class=\"size-full wp-image-78\" alt=\"Eigenbau\" src=\"https:\/\/i0.wp.com\/verstaerkeramt.eu\/wp-content\/uploads\/2014\/01\/a_Eigenbau.gif?resize=250%2C280\" width=\"250\" height=\"280\" \/><\/a><figcaption id=\"caption-attachment-78\" class=\"wp-caption-text\">Eigenbau<\/figcaption><\/figure>\n<p>In diesem Jahr wurden die ersten R\u00f6hren mit indirekter Heizung, Gleichrichterr\u00f6hren und Netzanschlu\u00dfger\u00e4te entwickelt. Vom 02.-11. September 1927 fand die 4. \u201cGro\u00dfe Deutsche Funkausstellung\u201d in Berlin statt. Es wurden in diesem Jahr nur noch einige wenige Detektorapparate von den Herstellern angeboten. Zum ersten Mal wurden dynamische Lautsprecher ausgestellt, ein gro\u00dfer Fortschritt gegen\u00fcber Trichterlautsprechern. Nicht weniger als 28 Rundfunkzeitschriften buhlen im Jahr 1927 um die Gunst der K\u00e4ufer. Ende Dezember 1927 arbeiteten insgesamt 24 Deutsche Sender.<\/p>\n<h2>1928<\/h2>\n<figure id=\"attachment_79\" aria-describedby=\"caption-attachment-79\" style=\"width: 194px\" class=\"wp-caption alignright\"><a href=\"https:\/\/i0.wp.com\/verstaerkeramt.eu\/wp-content\/uploads\/2014\/01\/a_Aehmo.jpg\"><img data-recalc-dims=\"1\" loading=\"lazy\" decoding=\"async\" class=\"size-full wp-image-79\" alt=\"Aehmo\" src=\"https:\/\/i0.wp.com\/verstaerkeramt.eu\/wp-content\/uploads\/2014\/01\/a_Aehmo.jpg?resize=194%2C339\" width=\"194\" height=\"339\" srcset=\"https:\/\/i0.wp.com\/verstaerkeramt.eu\/wp-content\/uploads\/2014\/01\/a_Aehmo.jpg?w=194&amp;ssl=1 194w, https:\/\/i0.wp.com\/verstaerkeramt.eu\/wp-content\/uploads\/2014\/01\/a_Aehmo.jpg?resize=171%2C300&amp;ssl=1 171w\" sizes=\"auto, (max-width: 194px) 100vw, 194px\" \/><\/a><figcaption id=\"caption-attachment-79\" class=\"wp-caption-text\">Aehmo<\/figcaption><\/figure>\n<p>1\/3 aller neu angebotenen Empfangsger\u00e4te waren nun f\u00fcr den Netzanschluss gefertigt. F\u00fcr die noch angebotenen Batterieger\u00e4te hatten die Hersteller Netzanoden entwickelt. F\u00fcr 50 Mark waren einfache R\u00f6hrenger\u00e4te ohne Netzanschluss zu bekommen, Luxusempf\u00e4nger kosteten bis zu 1000 Mark. In dieser Zeit verdiente ein einfacher Arbeiter w\u00f6chentlich ca. 30 Mark, f\u00fcr ein Pfund Brot mussten ca. 20 Pfennig bezahlt werden. Vom 31. August bis zum 09. September fand die 5. \u201cGro\u00dfe Deutsche Funkausstellung\u201d in Berlin statt. Erstmals war die Phonoindustrie vertreten, um Schallplattenspieler mit elektrischer Abtastung vorzustellen. Zum Zeitpunkt der Ausstellung war die Zahl der Rundfunkteilnehmer auf 2 Millionen angewachsen.<\/p>\n<h2>1929<\/h2>\n<figure id=\"attachment_80\" aria-describedby=\"caption-attachment-80\" style=\"width: 286px\" class=\"wp-caption alignright\"><a href=\"https:\/\/i0.wp.com\/verstaerkeramt.eu\/wp-content\/uploads\/2014\/01\/a_Grawor.jpg\"><img data-recalc-dims=\"1\" loading=\"lazy\" decoding=\"async\" class=\"size-full wp-image-80\" alt=\"Grawor\" src=\"https:\/\/i0.wp.com\/verstaerkeramt.eu\/wp-content\/uploads\/2014\/01\/a_Grawor.jpg?resize=286%2C345\" width=\"286\" height=\"345\" srcset=\"https:\/\/i0.wp.com\/verstaerkeramt.eu\/wp-content\/uploads\/2014\/01\/a_Grawor.jpg?w=286&amp;ssl=1 286w, https:\/\/i0.wp.com\/verstaerkeramt.eu\/wp-content\/uploads\/2014\/01\/a_Grawor.jpg?resize=248%2C300&amp;ssl=1 248w\" sizes=\"auto, (max-width: 286px) 100vw, 286px\" \/><\/a><figcaption id=\"caption-attachment-80\" class=\"wp-caption-text\">Grawor<\/figcaption><\/figure>\n<p>Im Juni 1929 ging die gesamte Rundfunkniederfrequenztechnik von der Deutschen Reichspost auf die Reichs- Rundfunk- Gesellschaft \u00fcber. Nun begannen die deutschen Sendergesellschaften mit dem Bau eigener Funkh\u00e4user. Die erste deutsche Kurzwellen-Rundfunksendung wurde in Zeesen bei K\u00f6nigswusterhausen am 29. August ausgestrahlt. Die 6. \u201cGro\u00dfe Deutsche Funkausstellung\u201d in Berlin fand in der Zeit vom 30. August bis 08. September statt. In diesem Jahr gab es ca. 3 Millionen Rundfunkteilnehmer. Der Rundfunkkommissar Dr. Bredow legte den Grundstein f\u00fcr das \u201cHaus des Rundfunks\u201c an der Masurenallee in Berlin.<\/p>\n<h2>1930<\/h2>\n<figure id=\"attachment_81\" aria-describedby=\"caption-attachment-81\" style=\"width: 345px\" class=\"wp-caption alignright\"><a href=\"https:\/\/i0.wp.com\/verstaerkeramt.eu\/wp-content\/uploads\/2014\/01\/a_Siemens1.jpg\"><img data-recalc-dims=\"1\" loading=\"lazy\" decoding=\"async\" class=\"size-full wp-image-81\" alt=\"Siemens1\" src=\"https:\/\/i0.wp.com\/verstaerkeramt.eu\/wp-content\/uploads\/2014\/01\/a_Siemens1.jpg?resize=345%2C218\" width=\"345\" height=\"218\" srcset=\"https:\/\/i0.wp.com\/verstaerkeramt.eu\/wp-content\/uploads\/2014\/01\/a_Siemens1.jpg?w=345&amp;ssl=1 345w, https:\/\/i0.wp.com\/verstaerkeramt.eu\/wp-content\/uploads\/2014\/01\/a_Siemens1.jpg?resize=300%2C189&amp;ssl=1 300w\" sizes=\"auto, (max-width: 345px) 100vw, 345px\" \/><\/a><figcaption id=\"caption-attachment-81\" class=\"wp-caption-text\">Siemens1<\/figcaption><\/figure>\n<p>Die 7. \u201cGro\u00dfe Deutsche Funkausstellung und Phonoschau 1930\u201d fand in Berlin vom 22. bis 31. August statt. Zur Er\u00f6ffnung hielt Albert Einstein eine Rede am Funkturm in Berlin-Charlottenburg, unter anderem sagte er: \u201cVerehrte An- und Abwesende, wenn ihr den Rundfunk h\u00f6ret, so denkt auch daran, wie die Menschen in den Besitz dieses wunderbaren Werkzeuges der Mitteilung gekommen sind. Der Urquell aller technischen Errungenschaften ist die g\u00f6ttliche Neugier und der Spieltrieb des bastelnden und gr\u00fcbelnden Forschers und nicht minder die konstruktive Phantasie des technischen Erfinders&#8230;. Was speziell den Rundfunk anlangt, so hat er eine einzigartige Funktion zu erf\u00fcllen im Sinne der V\u00f6lkervers\u00f6hnung&#8230;. Sollen sich auch alle sch\u00e4men, die gedankenlos sich der Wunder der Wissenschaft und Technik bedienen und nicht mehr davon geistig erfasst haben als die Kuh von der Botanik der Pflanzen, die sie mit Wohlbehagen frisst\u201d . Erstmalig \u00fcbertrug auf dem Messegel\u00e4nde ein UKW-Sender mit der Wellenl\u00e4nge von 6m das Berliner MW-Programm.<\/p>\n","protected":false},"excerpt":{"rendered":"<p>1923 Deutschlands erster Rundfunksender, Radio Berlin, strahlte am 29. Oktober abends um 20 Uhr die erste offizielle Rundfunksendung aus. \u201dAchtung, Achtung, hier ist Berlin auf Welle 400 Meter. Meine Damen und Herren, wir machen Ihnen davon Mitteilung, dass am heutigen Tage der Unterhaltungs-Rundfunkdienst mit Verbreitung von Musikvorf\u00fchrungen auf drahtlos-telefonischem Wege beginnt. Die Benutzung ist genehmigungspflichtig\u201d. &hellip; <a href=\"https:\/\/verstaerkeramt.eu\/geschichte\/das-radio\/\" class=\"more-link\"><span class=\"screen-reader-text\">Das  Radio<\/span> weiterlesen <span class=\"meta-nav\">&rarr;<\/span><\/a><\/p>\n","protected":false},"author":2,"featured_media":0,"parent":9,"menu_order":3,"comment_status":"closed","ping_status":"open","template":"","meta":{"footnotes":""},"class_list":["post-13","page","type-page","status-publish","hentry"],"jetpack_sharing_enabled":true,"_links":{"self":[{"href":"https:\/\/verstaerkeramt.eu\/wp-json\/wp\/v2\/pages\/13","targetHints":{"allow":["GET"]}}],"collection":[{"href":"https:\/\/verstaerkeramt.eu\/wp-json\/wp\/v2\/pages"}],"about":[{"href":"https:\/\/verstaerkeramt.eu\/wp-json\/wp\/v2\/types\/page"}],"author":[{"embeddable":true,"href":"https:\/\/verstaerkeramt.eu\/wp-json\/wp\/v2\/users\/2"}],"replies":[{"embeddable":true,"href":"https:\/\/verstaerkeramt.eu\/wp-json\/wp\/v2\/comments?post=13"}],"version-history":[{"count":2,"href":"https:\/\/verstaerkeramt.eu\/wp-json\/wp\/v2\/pages\/13\/revisions"}],"predecessor-version":[{"id":2927,"href":"https:\/\/verstaerkeramt.eu\/wp-json\/wp\/v2\/pages\/13\/revisions\/2927"}],"up":[{"embeddable":true,"href":"https:\/\/verstaerkeramt.eu\/wp-json\/wp\/v2\/pages\/9"}],"wp:attachment":[{"href":"https:\/\/verstaerkeramt.eu\/wp-json\/wp\/v2\/media?parent=13"}],"curies":[{"name":"wp","href":"https:\/\/api.w.org\/{rel}","templated":true}]}}