{"id":126,"date":"2014-01-18T21:51:12","date_gmt":"2014-01-18T19:51:12","guid":{"rendered":"http:\/\/rtm.dnsalias.net\/?page_id=126"},"modified":"2024-08-02T16:19:34","modified_gmt":"2024-08-02T14:19:34","slug":"ausstellungbestand","status":"publish","type":"page","link":"https:\/\/verstaerkeramt.eu\/ausstellungbestand\/","title":{"rendered":"Ausstellung"},"content":{"rendered":"<figure id=\"attachment_249\" aria-describedby=\"caption-attachment-249\" style=\"width: 300px\" class=\"wp-caption aligncenter\"><a href=\"https:\/\/i0.wp.com\/verstaerkeramt.eu\/wp-content\/uploads\/2014\/01\/a_Pict0085.jpg\"><img data-recalc-dims=\"1\" loading=\"lazy\" decoding=\"async\" class=\"size-medium wp-image-249 \" src=\"https:\/\/i0.wp.com\/verstaerkeramt.eu\/wp-content\/uploads\/2014\/01\/a_Pict0085-300x225.jpg?resize=300%2C225\" alt=\"Wohnzimmer 30 Jahre\" width=\"300\" height=\"225\" srcset=\"https:\/\/i0.wp.com\/verstaerkeramt.eu\/wp-content\/uploads\/2014\/01\/a_Pict0085.jpg?resize=300%2C225&amp;ssl=1 300w, https:\/\/i0.wp.com\/verstaerkeramt.eu\/wp-content\/uploads\/2014\/01\/a_Pict0085.jpg?w=450&amp;ssl=1 450w\" sizes=\"auto, (max-width: 300px) 100vw, 300px\" \/><\/a><figcaption id=\"caption-attachment-249\" class=\"wp-caption-text\">Wohnzimmer 30 Jahre<\/figcaption><\/figure>\n<p>Dieses Wohnzimmer gibt den Stil der 30er Jahre wieder, ausgestattet mit Radioger\u00e4ten und Plattenspielern; liebevoll gestaltet mit allerlei N\u00fctzlichem und Sch\u00f6nem aus der damaligen Zeit.<\/p>\n<p>&nbsp;<\/p>\n<figure id=\"attachment_255\" aria-describedby=\"caption-attachment-255\" style=\"width: 300px\" class=\"wp-caption aligncenter\"><a href=\"https:\/\/i0.wp.com\/verstaerkeramt.eu\/wp-content\/uploads\/2014\/01\/a_Pict007903.jpg\"><img data-recalc-dims=\"1\" loading=\"lazy\" decoding=\"async\" class=\"size-medium wp-image-255 \" src=\"https:\/\/i0.wp.com\/verstaerkeramt.eu\/wp-content\/uploads\/2014\/01\/a_Pict007903-300x225.jpg?resize=300%2C225\" alt=\"K\u00fcche\" width=\"300\" height=\"225\" srcset=\"https:\/\/i0.wp.com\/verstaerkeramt.eu\/wp-content\/uploads\/2014\/01\/a_Pict007903.jpg?resize=300%2C225&amp;ssl=1 300w, https:\/\/i0.wp.com\/verstaerkeramt.eu\/wp-content\/uploads\/2014\/01\/a_Pict007903.jpg?w=450&amp;ssl=1 450w\" sizes=\"auto, (max-width: 300px) 100vw, 300px\" \/><\/a><figcaption id=\"caption-attachment-255\" class=\"wp-caption-text\">K\u00fcche<\/figcaption><\/figure>\n<p>Eine K\u00fcche der 50er Jahre, hier werden f\u00fcr viele Erinnerungen wach. An diesem Ort m\u00f6chte man gerne verweilen und die Eindr\u00fccke mit nach Hause nehmen.<\/p>\n<figure id=\"attachment_250\" aria-describedby=\"caption-attachment-250\" style=\"width: 300px\" class=\"wp-caption aligncenter\"><a href=\"https:\/\/i0.wp.com\/verstaerkeramt.eu\/wp-content\/uploads\/2014\/01\/a_Pict0086.jpg\"><img data-recalc-dims=\"1\" loading=\"lazy\" decoding=\"async\" class=\"size-medium wp-image-250 \" src=\"https:\/\/i0.wp.com\/verstaerkeramt.eu\/wp-content\/uploads\/2014\/01\/a_Pict0086-300x225.jpg?resize=300%2C225\" alt=\"Wohnzimmer 50er Jahre\" width=\"300\" height=\"225\" srcset=\"https:\/\/i0.wp.com\/verstaerkeramt.eu\/wp-content\/uploads\/2014\/01\/a_Pict0086.jpg?resize=300%2C225&amp;ssl=1 300w, https:\/\/i0.wp.com\/verstaerkeramt.eu\/wp-content\/uploads\/2014\/01\/a_Pict0086.jpg?w=450&amp;ssl=1 450w\" sizes=\"auto, (max-width: 300px) 100vw, 300px\" \/><\/a><figcaption id=\"caption-attachment-250\" class=\"wp-caption-text\">Wohnzimmer 50er Jahre<\/figcaption><\/figure>\n<p>Noch ein Wohnzimmer, voll ausger\u00fcstet mit Fernseher, Musiktruhe und einem Tonbandger\u00e4t. Das Barfach in der Musiktruhe ist \u00fcbrigens nicht mehr gef\u00fcllt.<\/p>\n<p>Nachwuchs ist gerne gesehen, hier kann jeder noch viel lernen \u00fcber Technik aus vergangener Zeit.<\/p>\n<figure id=\"attachment_252\" aria-describedby=\"caption-attachment-252\" style=\"width: 300px\" class=\"wp-caption aligncenter\"><a href=\"https:\/\/i0.wp.com\/verstaerkeramt.eu\/wp-content\/uploads\/2014\/01\/a_Pict0106.jpg\"><img data-recalc-dims=\"1\" loading=\"lazy\" decoding=\"async\" class=\"size-medium wp-image-252\" src=\"https:\/\/i0.wp.com\/verstaerkeramt.eu\/wp-content\/uploads\/2014\/01\/a_Pict0106-300x225.jpg?resize=300%2C225\" alt=\"Nachwuchsf\u00f6rderung\" width=\"300\" height=\"225\" srcset=\"https:\/\/i0.wp.com\/verstaerkeramt.eu\/wp-content\/uploads\/2014\/01\/a_Pict0106.jpg?resize=300%2C225&amp;ssl=1 300w, https:\/\/i0.wp.com\/verstaerkeramt.eu\/wp-content\/uploads\/2014\/01\/a_Pict0106.jpg?w=450&amp;ssl=1 450w\" sizes=\"auto, (max-width: 300px) 100vw, 300px\" \/><\/a><figcaption id=\"caption-attachment-252\" class=\"wp-caption-text\">Nachwuchsf\u00f6rderung<\/figcaption><\/figure>\n<figure id=\"attachment_254\" aria-describedby=\"caption-attachment-254\" style=\"width: 300px\" class=\"wp-caption aligncenter\"><a href=\"https:\/\/i0.wp.com\/verstaerkeramt.eu\/wp-content\/uploads\/2014\/01\/a_Pict003002.jpg\"><img data-recalc-dims=\"1\" loading=\"lazy\" decoding=\"async\" class=\"size-medium wp-image-254\" src=\"https:\/\/i0.wp.com\/verstaerkeramt.eu\/wp-content\/uploads\/2014\/01\/a_Pict003002-300x175.jpg?resize=300%2C175\" alt=\"Telefone\" width=\"300\" height=\"175\" srcset=\"https:\/\/i0.wp.com\/verstaerkeramt.eu\/wp-content\/uploads\/2014\/01\/a_Pict003002.jpg?resize=300%2C175&amp;ssl=1 300w, https:\/\/i0.wp.com\/verstaerkeramt.eu\/wp-content\/uploads\/2014\/01\/a_Pict003002.jpg?w=600&amp;ssl=1 600w\" sizes=\"auto, (max-width: 300px) 100vw, 300px\" \/><\/a><figcaption id=\"caption-attachment-254\" class=\"wp-caption-text\">Telefone<\/figcaption><\/figure>\n<p>Eine meiner liebsten Ecken, traumhaft sch\u00f6ne Telefonapparate aus der Anfangszeit bis in die 50er Jahre.<\/p>\n<p>Bei uns gibt es sie noch, das Fr\u00e4ulein vom Amt, gut gest\u00f6pselt ist die halbe Verbindung. Ein Verst\u00e4rkeramt ohne Fr\u00e4ulein vom Amt? Einfach undenkbar.<\/p>\n<figure id=\"attachment_256\" aria-describedby=\"caption-attachment-256\" style=\"width: 217px\" class=\"wp-caption aligncenter\"><a href=\"https:\/\/i0.wp.com\/verstaerkeramt.eu\/wp-content\/uploads\/2014\/01\/a_Pict012602.jpg\"><img data-recalc-dims=\"1\" loading=\"lazy\" decoding=\"async\" class=\"size-medium wp-image-256\" src=\"https:\/\/i0.wp.com\/verstaerkeramt.eu\/wp-content\/uploads\/2014\/01\/a_Pict012602-217x300.jpg?resize=217%2C300\" alt=\"Fr\u00e4ulein vom Amt\" width=\"217\" height=\"300\" srcset=\"https:\/\/i0.wp.com\/verstaerkeramt.eu\/wp-content\/uploads\/2014\/01\/a_Pict012602.jpg?resize=217%2C300&amp;ssl=1 217w, https:\/\/i0.wp.com\/verstaerkeramt.eu\/wp-content\/uploads\/2014\/01\/a_Pict012602.jpg?w=326&amp;ssl=1 326w\" sizes=\"auto, (max-width: 217px) 100vw, 217px\" \/><\/a><figcaption id=\"caption-attachment-256\" class=\"wp-caption-text\">Fr\u00e4ulein vom Amt<\/figcaption><\/figure>\n<figure id=\"attachment_253\" aria-describedby=\"caption-attachment-253\" style=\"width: 229px\" class=\"wp-caption aligncenter\"><a href=\"https:\/\/i0.wp.com\/verstaerkeramt.eu\/wp-content\/uploads\/2014\/01\/a_Pict0128.jpg\"><img data-recalc-dims=\"1\" loading=\"lazy\" decoding=\"async\" class=\"size-medium wp-image-253\" src=\"https:\/\/i0.wp.com\/verstaerkeramt.eu\/wp-content\/uploads\/2014\/01\/a_Pict0128-229x300.jpg?resize=229%2C300\" alt=\"Fernmeldetechnik\" width=\"229\" height=\"300\" srcset=\"https:\/\/i0.wp.com\/verstaerkeramt.eu\/wp-content\/uploads\/2014\/01\/a_Pict0128.jpg?resize=229%2C300&amp;ssl=1 229w, https:\/\/i0.wp.com\/verstaerkeramt.eu\/wp-content\/uploads\/2014\/01\/a_Pict0128.jpg?w=344&amp;ssl=1 344w\" sizes=\"auto, (max-width: 229px) 100vw, 229px\" \/><\/a><figcaption id=\"caption-attachment-253\" class=\"wp-caption-text\">Fernmeldetechnik<\/figcaption><\/figure>\n<p>Hier mal etwas f\u00fcr Technikbegeisterte, fernmeldetechnische Anlagen wie sie in den Fernmelde\u00e4mtern betrieben wurden.<\/p>\n<p>Diese Vitrine ist ein echter Hingucker, tolle alte R\u00f6hren, Detektoren, Mini-Kofferradio, Braunsche R\u00f6hren und vieles mehr gibt es hier zu entdecken.<\/p>\n<figure id=\"attachment_257\" aria-describedby=\"caption-attachment-257\" style=\"width: 154px\" class=\"wp-caption aligncenter\"><a href=\"https:\/\/i0.wp.com\/verstaerkeramt.eu\/wp-content\/uploads\/2014\/01\/a_Vitrine02.jpg\"><img data-recalc-dims=\"1\" loading=\"lazy\" decoding=\"async\" class=\"size-medium wp-image-257\" src=\"https:\/\/i0.wp.com\/verstaerkeramt.eu\/wp-content\/uploads\/2014\/01\/a_Vitrine02-154x300.jpg?resize=154%2C300\" alt=\"Vitrine\" width=\"154\" height=\"300\" srcset=\"https:\/\/i0.wp.com\/verstaerkeramt.eu\/wp-content\/uploads\/2014\/01\/a_Vitrine02.jpg?resize=154%2C300&amp;ssl=1 154w, https:\/\/i0.wp.com\/verstaerkeramt.eu\/wp-content\/uploads\/2014\/01\/a_Vitrine02.jpg?w=240&amp;ssl=1 240w\" sizes=\"auto, (max-width: 154px) 100vw, 154px\" \/><\/a><figcaption id=\"caption-attachment-257\" class=\"wp-caption-text\">Vitrine<\/figcaption><\/figure>\n<p>Wir stellen nicht nur Ger\u00e4te aus Westdeutschland aus, hier eine sehr sch\u00f6ne Fernseh-Radiokombination Typ Clivia aus der ehemaligen DDR.<\/p>\n<figure id=\"attachment_258\" aria-describedby=\"caption-attachment-258\" style=\"width: 200px\" class=\"wp-caption aligncenter\"><a href=\"https:\/\/i0.wp.com\/verstaerkeramt.eu\/wp-content\/uploads\/2014\/01\/Pict0129.jpg\"><img data-recalc-dims=\"1\" loading=\"lazy\" decoding=\"async\" class=\"size-medium wp-image-258\" src=\"https:\/\/i0.wp.com\/verstaerkeramt.eu\/wp-content\/uploads\/2014\/01\/Pict0129-200x300.jpg?resize=200%2C300\" alt=\"Fernseher\" width=\"200\" height=\"300\" srcset=\"https:\/\/i0.wp.com\/verstaerkeramt.eu\/wp-content\/uploads\/2014\/01\/Pict0129.jpg?resize=200%2C300&amp;ssl=1 200w, https:\/\/i0.wp.com\/verstaerkeramt.eu\/wp-content\/uploads\/2014\/01\/Pict0129.jpg?w=261&amp;ssl=1 261w\" sizes=\"auto, (max-width: 200px) 100vw, 200px\" \/><\/a><figcaption id=\"caption-attachment-258\" class=\"wp-caption-text\">Fernseher<\/figcaption><\/figure>\n<p>Bei uns gehen niemals die Lichter aus, dies ist ein hauseigenes Notstromaggregat.<\/p>\n<figure id=\"attachment_251\" aria-describedby=\"caption-attachment-251\" style=\"width: 300px\" class=\"wp-caption aligncenter\"><a href=\"https:\/\/i0.wp.com\/verstaerkeramt.eu\/wp-content\/uploads\/2014\/01\/a_Pict0096.jpg\"><img data-recalc-dims=\"1\" loading=\"lazy\" decoding=\"async\" class=\"size-medium wp-image-251\" src=\"https:\/\/i0.wp.com\/verstaerkeramt.eu\/wp-content\/uploads\/2014\/01\/a_Pict0096-300x225.jpg?resize=300%2C225\" alt=\"Notstromaggregat\" width=\"300\" height=\"225\" srcset=\"https:\/\/i0.wp.com\/verstaerkeramt.eu\/wp-content\/uploads\/2014\/01\/a_Pict0096.jpg?resize=300%2C225&amp;ssl=1 300w, https:\/\/i0.wp.com\/verstaerkeramt.eu\/wp-content\/uploads\/2014\/01\/a_Pict0096.jpg?w=450&amp;ssl=1 450w\" sizes=\"auto, (max-width: 300px) 100vw, 300px\" \/><\/a><figcaption id=\"caption-attachment-251\" class=\"wp-caption-text\">Notstromaggregat<\/figcaption><\/figure>\n<p>Haben diese Bilder Ihre Neugier geweckt? Kommen Sie und entdecken Sie noch viel mehr. Die Ausstellung gibt Ihnen einen Einblick in eine vergangene Welt, wie sie kaum mehr anzutreffen ist.<\/p>\n<p>&nbsp;<\/p>\n","protected":false},"excerpt":{"rendered":"<p>Dieses Wohnzimmer gibt den Stil der 30er Jahre wieder, ausgestattet mit Radioger\u00e4ten und Plattenspielern; liebevoll gestaltet mit allerlei N\u00fctzlichem und Sch\u00f6nem aus der damaligen Zeit. &nbsp; Eine K\u00fcche der 50er Jahre, hier werden f\u00fcr viele Erinnerungen wach. An diesem Ort m\u00f6chte man gerne verweilen und die Eindr\u00fccke mit nach Hause nehmen. Noch ein Wohnzimmer, voll &hellip; <a href=\"https:\/\/verstaerkeramt.eu\/ausstellungbestand\/\" class=\"more-link\"><span class=\"screen-reader-text\">Ausstellung<\/span> weiterlesen <span class=\"meta-nav\">&rarr;<\/span><\/a><\/p>\n","protected":false},"author":2,"featured_media":0,"parent":0,"menu_order":3,"comment_status":"closed","ping_status":"open","template":"","meta":{"footnotes":""},"class_list":["post-126","page","type-page","status-publish","hentry"],"jetpack_sharing_enabled":true,"_links":{"self":[{"href":"https:\/\/verstaerkeramt.eu\/wp-json\/wp\/v2\/pages\/126","targetHints":{"allow":["GET"]}}],"collection":[{"href":"https:\/\/verstaerkeramt.eu\/wp-json\/wp\/v2\/pages"}],"about":[{"href":"https:\/\/verstaerkeramt.eu\/wp-json\/wp\/v2\/types\/page"}],"author":[{"embeddable":true,"href":"https:\/\/verstaerkeramt.eu\/wp-json\/wp\/v2\/users\/2"}],"replies":[{"embeddable":true,"href":"https:\/\/verstaerkeramt.eu\/wp-json\/wp\/v2\/comments?post=126"}],"version-history":[{"count":3,"href":"https:\/\/verstaerkeramt.eu\/wp-json\/wp\/v2\/pages\/126\/revisions"}],"predecessor-version":[{"id":2906,"href":"https:\/\/verstaerkeramt.eu\/wp-json\/wp\/v2\/pages\/126\/revisions\/2906"}],"wp:attachment":[{"href":"https:\/\/verstaerkeramt.eu\/wp-json\/wp\/v2\/media?parent=126"}],"curies":[{"name":"wp","href":"https:\/\/api.w.org\/{rel}","templated":true}]}}